{"id":26413,"date":"2025-06-30T00:25:21","date_gmt":"2025-06-30T04:25:21","guid":{"rendered":"https:\/\/gretapearls.com\/en\/?post_type=product&#038;p=26413"},"modified":"2026-02-07T09:45:54","modified_gmt":"2026-02-07T14:45:54","slug":"10-perles-deau-douce-rondes-naturelles-tissees-a-la-main-de-11-mm","status":"publish","type":"product","link":"https:\/\/gretapearls.com\/fr\/shop\/10-11mm-natural-round-handwoven-freshwater-pearls\/","title":{"rendered":"Perles d&#039;eau douce rondes naturelles tiss\u00e9es \u00e0 la main de 10 \u00e0 11 mm"},"content":{"rendered":"","protected":false},"excerpt":{"rendered":"<p>Perles d&#039;eau douce tiss\u00e9es \u00e0 la main, forme libre, de 10 \u00e0 11 mm de diam\u00e8tre. Leurs perles blanc cr\u00e8me pr\u00e9sentent une douce irisation et la texture naturelle des perles en forme de riz. Parfaites pour des boucles d&#039;oreilles boh\u00e8mes chics ou des colliers d\u00e9licats, elles apporteront une touche naturelle et naturelle \u00e0 vos cr\u00e9ations DIY.<\/p>","protected":false},"featured_media":26409,"comment_status":"open","ping_status":"closed","template":"","meta":[],"product_brand":[],"product_cat":[54,124],"product_tag":[83,86],"class_list":{"0":"post-26413","1":"product","2":"type-product","3":"status-publish","4":"has-post-thumbnail","6":"product_cat-freshwater-pearls-wholesale","7":"product_cat-irregular-pearls","8":"product_tag-large-freshwater-pearls-wholesale","9":"product_tag-loose-freshwater-pearls-wholesale","10":"pa_color-white-pearls","11":"pa_shape-round-pearls","13":"first","14":"instock","15":"taxable","16":"shipping-taxable","17":"purchasable","18":"product-type-simple"},"tiered_pricing_type":"percentage","tiered_pricing_fixed_rules":[],"tiered_pricing_product_settings":{"layout":"default","base_unit_name":{"singular":null,"plural":null},"default_variation":null},"tiered_pricing_minimum_quantity":10,"tiered_pricing_roles_data":[],"tiered_pricing_percentage_rules":{"30":"10","100":"13","150":"12"},"tiered_pricing_maximum_quantity":null,"tiered_pricing_quantity_step":null,"_links":{"self":[{"href":"https:\/\/gretapearls.com\/fr\/wp-json\/wp\/v2\/product\/26413","targetHints":{"allow":["GET"]}}],"collection":[{"href":"https:\/\/gretapearls.com\/fr\/wp-json\/wp\/v2\/product"}],"about":[{"href":"https:\/\/gretapearls.com\/fr\/wp-json\/wp\/v2\/types\/product"}],"replies":[{"embeddable":true,"href":"https:\/\/gretapearls.com\/fr\/wp-json\/wp\/v2\/comments?post=26413"}],"wp:featuredmedia":[{"embeddable":true,"href":"https:\/\/gretapearls.com\/fr\/wp-json\/wp\/v2\/media\/26409"}],"wp:attachment":[{"href":"https:\/\/gretapearls.com\/fr\/wp-json\/wp\/v2\/media?parent=26413"}],"wp:term":[{"taxonomy":"product_brand","embeddable":true,"href":"https:\/\/gretapearls.com\/fr\/wp-json\/wp\/v2\/product_brand?post=26413"},{"taxonomy":"product_cat","embeddable":true,"href":"https:\/\/gretapearls.com\/fr\/wp-json\/wp\/v2\/product_cat?post=26413"},{"taxonomy":"product_tag","embeddable":true,"href":"https:\/\/gretapearls.com\/fr\/wp-json\/wp\/v2\/product_tag?post=26413"}],"curies":[{"name":"wp","href":"https:\/\/api.w.org\/{rel}","templated":true}]}}