{"id":26383,"date":"2025-06-30T00:23:37","date_gmt":"2025-06-30T04:23:37","guid":{"rendered":"https:\/\/gretapearls.com\/en\/?post_type=product&#038;p=26383"},"modified":"2026-02-07T12:47:42","modified_gmt":"2026-02-07T17:47:42","slug":"4-perles-deau-douce-baroques-naturelles-de-5-mm","status":"publish","type":"product","link":"https:\/\/gretapearls.com\/fr\/shop\/4-5mm-natural-stick-baroque-freshwater-pearls\/","title":{"rendered":"Perles d&#039;eau douce baroques naturelles de 4 \u00e0 5 mm"},"content":{"rendered":"","protected":false},"excerpt":{"rendered":"<p>Ces perles baroques d&#039;eau douce naturelles sont vendues \u00e0 l&#039;unit\u00e9 sous forme de longues tiges fines, avec une nacre blanche, un \u00e9clat iris\u00e9, un \u00e9clat brillant et une texture de surface naturelle. Parfaites pour la cr\u00e9ation de colliers, bracelets et accessoires DIY modernes et simples au style boh\u00e8me.<\/p>","protected":false},"featured_media":26377,"comment_status":"open","ping_status":"closed","template":"","meta":[],"product_brand":[],"product_cat":[124],"product_tag":[91,85],"class_list":{"0":"post-26383","1":"product","2":"type-product","3":"status-publish","4":"has-post-thumbnail","6":"product_cat-irregular-pearls","7":"product_tag-full-drilled-pearls","8":"product_tag-bulk-string-pearls","9":"pa_color-white-pearls","10":"pa_shape-stick-pearls","12":"first","13":"instock","14":"taxable","15":"shipping-taxable","16":"purchasable","17":"product-type-simple"},"tiered_pricing_type":"fixed","tiered_pricing_fixed_rules":[],"tiered_pricing_product_settings":{"layout":"default","base_unit_name":{"singular":null,"plural":null},"default_variation":null},"tiered_pricing_minimum_quantity":null,"tiered_pricing_roles_data":[],"tiered_pricing_percentage_rules":[],"tiered_pricing_maximum_quantity":null,"tiered_pricing_quantity_step":null,"_links":{"self":[{"href":"https:\/\/gretapearls.com\/fr\/wp-json\/wp\/v2\/product\/26383","targetHints":{"allow":["GET"]}}],"collection":[{"href":"https:\/\/gretapearls.com\/fr\/wp-json\/wp\/v2\/product"}],"about":[{"href":"https:\/\/gretapearls.com\/fr\/wp-json\/wp\/v2\/types\/product"}],"replies":[{"embeddable":true,"href":"https:\/\/gretapearls.com\/fr\/wp-json\/wp\/v2\/comments?post=26383"}],"wp:featuredmedia":[{"embeddable":true,"href":"https:\/\/gretapearls.com\/fr\/wp-json\/wp\/v2\/media\/26377"}],"wp:attachment":[{"href":"https:\/\/gretapearls.com\/fr\/wp-json\/wp\/v2\/media?parent=26383"}],"wp:term":[{"taxonomy":"product_brand","embeddable":true,"href":"https:\/\/gretapearls.com\/fr\/wp-json\/wp\/v2\/product_brand?post=26383"},{"taxonomy":"product_cat","embeddable":true,"href":"https:\/\/gretapearls.com\/fr\/wp-json\/wp\/v2\/product_cat?post=26383"},{"taxonomy":"product_tag","embeddable":true,"href":"https:\/\/gretapearls.com\/fr\/wp-json\/wp\/v2\/product_tag?post=26383"}],"curies":[{"name":"wp","href":"https:\/\/api.w.org\/{rel}","templated":true}]}}