{"id":26369,"date":"2025-06-30T00:22:37","date_gmt":"2025-06-30T04:22:37","guid":{"rendered":"https:\/\/gretapearls.com\/en\/?post_type=product&#038;p=26369"},"modified":"2026-02-07T12:47:07","modified_gmt":"2026-02-07T17:47:07","slug":"3-perles-deau-douce-grises-teintees-de-4-mm-tres-brillantes","status":"publish","type":"product","link":"https:\/\/gretapearls.com\/fr\/shop\/3-4mm-dyed-grey-high-luster-freshwater-pearls\/","title":{"rendered":"Perles d&#039;eau douce teint\u00e9es grises de 3 \u00e0 4 mm, tr\u00e8s brillantes"},"content":{"rendered":"","protected":false},"excerpt":{"rendered":"<p>Les rangs de perles d&#039;eau douce naturelles sont compos\u00e9s de perles grises de 3 \u00e0 4 mm au brillant intense des deux c\u00f4t\u00e9s, aux surfaces lisses et perc\u00e9es lat\u00e9ralement. Vendus \u00e0 l&#039;unit\u00e9, ils sont pr\u00eats \u00e0 \u00eatre enfil\u00e9s. Parfaits pour cr\u00e9er des bracelets, des colliers ou des boucles d&#039;oreilles minimalistes \u00e9l\u00e9gants.<\/p>","protected":false},"featured_media":26364,"comment_status":"open","ping_status":"closed","template":"","meta":[],"product_brand":[],"product_cat":[54,144,124],"product_tag":[90,81,85],"class_list":{"0":"post-26369","1":"product","2":"type-product","3":"status-publish","4":"has-post-thumbnail","6":"product_cat-freshwater-pearls-wholesale","7":"product_cat-dyed-pearls","8":"product_cat-irregular-pearls","9":"product_tag-side-drilled-pearls","10":"product_tag-small-freshwater-pearls-wholesale","11":"product_tag-bulk-string-pearls","12":"pa_color-grey-pearls","13":"pa_shape-flat-back-pearls","15":"first","16":"instock","17":"taxable","18":"shipping-taxable","19":"purchasable","20":"product-type-simple"},"tiered_pricing_type":"fixed","tiered_pricing_fixed_rules":[],"tiered_pricing_product_settings":{"layout":"default","base_unit_name":{"singular":null,"plural":null},"default_variation":null},"tiered_pricing_minimum_quantity":null,"tiered_pricing_roles_data":[],"tiered_pricing_percentage_rules":[],"tiered_pricing_maximum_quantity":null,"tiered_pricing_quantity_step":null,"_links":{"self":[{"href":"https:\/\/gretapearls.com\/fr\/wp-json\/wp\/v2\/product\/26369","targetHints":{"allow":["GET"]}}],"collection":[{"href":"https:\/\/gretapearls.com\/fr\/wp-json\/wp\/v2\/product"}],"about":[{"href":"https:\/\/gretapearls.com\/fr\/wp-json\/wp\/v2\/types\/product"}],"replies":[{"embeddable":true,"href":"https:\/\/gretapearls.com\/fr\/wp-json\/wp\/v2\/comments?post=26369"}],"wp:featuredmedia":[{"embeddable":true,"href":"https:\/\/gretapearls.com\/fr\/wp-json\/wp\/v2\/media\/26364"}],"wp:attachment":[{"href":"https:\/\/gretapearls.com\/fr\/wp-json\/wp\/v2\/media?parent=26369"}],"wp:term":[{"taxonomy":"product_brand","embeddable":true,"href":"https:\/\/gretapearls.com\/fr\/wp-json\/wp\/v2\/product_brand?post=26369"},{"taxonomy":"product_cat","embeddable":true,"href":"https:\/\/gretapearls.com\/fr\/wp-json\/wp\/v2\/product_cat?post=26369"},{"taxonomy":"product_tag","embeddable":true,"href":"https:\/\/gretapearls.com\/fr\/wp-json\/wp\/v2\/product_tag?post=26369"}],"curies":[{"name":"wp","href":"https:\/\/api.w.org\/{rel}","templated":true}]}}