{"id":26309,"date":"2025-06-30T00:19:20","date_gmt":"2025-06-30T04:19:20","guid":{"rendered":"https:\/\/gretapearls.com\/en\/?post_type=product&#038;p=26309"},"modified":"2026-02-07T12:42:50","modified_gmt":"2026-02-07T17:42:50","slug":"11-perles-deau-douce-naturelles-rares-de-haute-qualite-de-12-mm","status":"publish","type":"product","link":"https:\/\/gretapearls.com\/fr\/shop\/11-12mm-high-quality-rare-natural-freshwater-pearls\/","title":{"rendered":"Perles d&#039;eau douce naturelles rares de haute qualit\u00e9 de 11 \u00e0 12 mm"},"content":{"rendered":"","protected":false},"excerpt":{"rendered":"<p>Perles d&#039;eau douce baroques naturelles, de forme libre unique inspir\u00e9e de Mickey, enfil\u00e9es sur un rang d&#039;environ 36 perles perc\u00e9es au centre. D&#039;un blanc cr\u00e8me au lustre iris\u00e9 intense et aux textures naturelles, elles sont id\u00e9ales pour ajouter une touche de fantaisie \u00e0 vos bracelets ou boucles d&#039;oreilles.<\/p>","protected":false},"featured_media":26304,"comment_status":"open","ping_status":"closed","template":"","meta":[],"product_brand":[],"product_cat":[124,56],"product_tag":[91,83,86],"class_list":{"0":"post-26309","1":"product","2":"type-product","3":"status-publish","4":"has-post-thumbnail","6":"product_cat-irregular-pearls","7":"product_cat-baroque-pearls-wholesale","8":"product_tag-full-drilled-pearls","9":"product_tag-large-freshwater-pearls-wholesale","10":"product_tag-loose-freshwater-pearls-wholesale","11":"pa_color-white-pearls","12":"pa_shape-freeform-pearls","14":"first","15":"instock","16":"taxable","17":"shipping-taxable","18":"purchasable","19":"product-type-simple"},"tiered_pricing_type":"fixed","tiered_pricing_fixed_rules":[],"tiered_pricing_product_settings":{"layout":"default","base_unit_name":{"singular":null,"plural":null},"default_variation":null},"tiered_pricing_minimum_quantity":null,"tiered_pricing_roles_data":[],"tiered_pricing_percentage_rules":[],"tiered_pricing_maximum_quantity":null,"tiered_pricing_quantity_step":null,"_links":{"self":[{"href":"https:\/\/gretapearls.com\/fr\/wp-json\/wp\/v2\/product\/26309","targetHints":{"allow":["GET"]}}],"collection":[{"href":"https:\/\/gretapearls.com\/fr\/wp-json\/wp\/v2\/product"}],"about":[{"href":"https:\/\/gretapearls.com\/fr\/wp-json\/wp\/v2\/types\/product"}],"replies":[{"embeddable":true,"href":"https:\/\/gretapearls.com\/fr\/wp-json\/wp\/v2\/comments?post=26309"}],"wp:featuredmedia":[{"embeddable":true,"href":"https:\/\/gretapearls.com\/fr\/wp-json\/wp\/v2\/media\/26304"}],"wp:attachment":[{"href":"https:\/\/gretapearls.com\/fr\/wp-json\/wp\/v2\/media?parent=26309"}],"wp:term":[{"taxonomy":"product_brand","embeddable":true,"href":"https:\/\/gretapearls.com\/fr\/wp-json\/wp\/v2\/product_brand?post=26309"},{"taxonomy":"product_cat","embeddable":true,"href":"https:\/\/gretapearls.com\/fr\/wp-json\/wp\/v2\/product_cat?post=26309"},{"taxonomy":"product_tag","embeddable":true,"href":"https:\/\/gretapearls.com\/fr\/wp-json\/wp\/v2\/product_tag?post=26309"}],"curies":[{"name":"wp","href":"https:\/\/api.w.org\/{rel}","templated":true}]}}