{"id":26205,"date":"2025-06-30T00:13:10","date_gmt":"2025-06-30T04:13:10","guid":{"rendered":"https:\/\/gretapearls.com\/en\/?post_type=product&#038;p=26205"},"modified":"2026-04-29T20:32:16","modified_gmt":"2026-04-30T00:32:16","slug":"6-perles-deau-douce-bouton-multicolores-de-7-mm","status":"publish","type":"product","link":"https:\/\/gretapearls.com\/fr\/shop\/6-7mm-multicolor-button-freshwater-pearls\/","title":{"rendered":"Perles d&#039;eau douce multicolores de 6 \u00e0 7 mm"},"content":{"rendered":"","protected":false},"excerpt":{"rendered":"<p>Perles d&#039;eau douce naturelles de 6 \u00e0 7 mm, aux douces teintes multicolores, au lustre \u00e9clatant et \u00e0 la texture naturelle subtile. Id\u00e9ales pour la cr\u00e9ation de colliers, bracelets ou boucles d&#039;oreilles boh\u00e8mes chics.<\/p>","protected":false},"featured_media":26200,"comment_status":"open","ping_status":"closed","template":"","meta":[],"product_brand":[],"product_cat":[54,124],"product_tag":[91,82,85],"class_list":{"0":"post-26205","1":"product","2":"type-product","3":"status-publish","4":"has-post-thumbnail","6":"product_cat-freshwater-pearls-wholesale","7":"product_cat-irregular-pearls","8":"product_tag-full-drilled-pearls","9":"product_tag-medium-freshwater-pearls-wholesale","10":"product_tag-bulk-string-pearls","11":"pa_color-champagne-pearls","12":"pa_color-purple-pearls","13":"pa_shape-button-pearls","15":"first","16":"instock","17":"taxable","18":"shipping-taxable","19":"purchasable","20":"product-type-variable"},"tiered_pricing_type":"fixed","tiered_pricing_fixed_rules":[],"tiered_pricing_product_settings":{"layout":"default","base_unit_name":{"singular":null,"plural":null},"default_variation":null},"tiered_pricing_minimum_quantity":null,"tiered_pricing_roles_data":[],"tiered_pricing_percentage_rules":[],"tiered_pricing_maximum_quantity":null,"tiered_pricing_quantity_step":null,"_links":{"self":[{"href":"https:\/\/gretapearls.com\/fr\/wp-json\/wp\/v2\/product\/26205","targetHints":{"allow":["GET"]}}],"collection":[{"href":"https:\/\/gretapearls.com\/fr\/wp-json\/wp\/v2\/product"}],"about":[{"href":"https:\/\/gretapearls.com\/fr\/wp-json\/wp\/v2\/types\/product"}],"replies":[{"embeddable":true,"href":"https:\/\/gretapearls.com\/fr\/wp-json\/wp\/v2\/comments?post=26205"}],"wp:featuredmedia":[{"embeddable":true,"href":"https:\/\/gretapearls.com\/fr\/wp-json\/wp\/v2\/media\/26200"}],"wp:attachment":[{"href":"https:\/\/gretapearls.com\/fr\/wp-json\/wp\/v2\/media?parent=26205"}],"wp:term":[{"taxonomy":"product_brand","embeddable":true,"href":"https:\/\/gretapearls.com\/fr\/wp-json\/wp\/v2\/product_brand?post=26205"},{"taxonomy":"product_cat","embeddable":true,"href":"https:\/\/gretapearls.com\/fr\/wp-json\/wp\/v2\/product_cat?post=26205"},{"taxonomy":"product_tag","embeddable":true,"href":"https:\/\/gretapearls.com\/fr\/wp-json\/wp\/v2\/product_tag?post=26205"}],"curies":[{"name":"wp","href":"https:\/\/api.w.org\/{rel}","templated":true}]}}