{"id":26097,"date":"2025-06-30T00:07:05","date_gmt":"2025-06-30T04:07:05","guid":{"rendered":"https:\/\/gretapearls.com\/en\/?post_type=product&#038;p=26097"},"modified":"2026-02-07T12:37:05","modified_gmt":"2026-02-07T17:37:05","slug":"5-perles-deau-douce-baroques-de-forme-libre-a-fort-lustre-de-6-mm","status":"publish","type":"product","link":"https:\/\/gretapearls.com\/fr\/shop\/5-6mm-strong-luster-free-form-baroque-freshwater-pearls\/","title":{"rendered":"Perles d&#039;eau douce baroques de forme libre \u00e0 fort lustre de 5 \u00e0 6 mm"},"content":{"rendered":"","protected":false},"excerpt":{"rendered":"<p>Perles d&#039;eau douce baroques de forme irr\u00e9guli\u00e8re de 5 \u00e0 6 mm, de teinte blanche, brillantes et textur\u00e9es. Perc\u00e9es au centre, elles sont mont\u00e9es sur un fil de 38 cm pour une utilisation DIY.<\/p>","protected":false},"featured_media":26092,"comment_status":"open","ping_status":"closed","template":"","meta":[],"product_brand":[],"product_cat":[124,56],"product_tag":[91,82,85],"class_list":{"0":"post-26097","1":"product","2":"type-product","3":"status-publish","4":"has-post-thumbnail","6":"product_cat-irregular-pearls","7":"product_cat-baroque-pearls-wholesale","8":"product_tag-full-drilled-pearls","9":"product_tag-medium-freshwater-pearls-wholesale","10":"product_tag-bulk-string-pearls","11":"pa_color-white-pearls","12":"pa_shape-freeform-pearls","14":"first","15":"instock","16":"taxable","17":"shipping-taxable","18":"purchasable","19":"product-type-simple"},"tiered_pricing_type":"fixed","tiered_pricing_fixed_rules":[],"tiered_pricing_product_settings":{"layout":"default","base_unit_name":{"singular":null,"plural":null},"default_variation":null},"tiered_pricing_minimum_quantity":null,"tiered_pricing_roles_data":[],"tiered_pricing_percentage_rules":[],"tiered_pricing_maximum_quantity":null,"tiered_pricing_quantity_step":null,"_links":{"self":[{"href":"https:\/\/gretapearls.com\/fr\/wp-json\/wp\/v2\/product\/26097","targetHints":{"allow":["GET"]}}],"collection":[{"href":"https:\/\/gretapearls.com\/fr\/wp-json\/wp\/v2\/product"}],"about":[{"href":"https:\/\/gretapearls.com\/fr\/wp-json\/wp\/v2\/types\/product"}],"replies":[{"embeddable":true,"href":"https:\/\/gretapearls.com\/fr\/wp-json\/wp\/v2\/comments?post=26097"}],"wp:featuredmedia":[{"embeddable":true,"href":"https:\/\/gretapearls.com\/fr\/wp-json\/wp\/v2\/media\/26092"}],"wp:attachment":[{"href":"https:\/\/gretapearls.com\/fr\/wp-json\/wp\/v2\/media?parent=26097"}],"wp:term":[{"taxonomy":"product_brand","embeddable":true,"href":"https:\/\/gretapearls.com\/fr\/wp-json\/wp\/v2\/product_brand?post=26097"},{"taxonomy":"product_cat","embeddable":true,"href":"https:\/\/gretapearls.com\/fr\/wp-json\/wp\/v2\/product_cat?post=26097"},{"taxonomy":"product_tag","embeddable":true,"href":"https:\/\/gretapearls.com\/fr\/wp-json\/wp\/v2\/product_tag?post=26097"}],"curies":[{"name":"wp","href":"https:\/\/api.w.org\/{rel}","templated":true}]}}