{"id":26085,"date":"2025-06-30T00:06:21","date_gmt":"2025-06-30T04:06:21","guid":{"rendered":"https:\/\/gretapearls.com\/en\/?post_type=product&#038;p=26085"},"modified":"2026-02-07T12:36:54","modified_gmt":"2026-02-07T17:36:54","slug":"7-perles-deau-douce-bouton-en-ecailles-de-dragon-grises-teintees-irradiees-de-8-mm","status":"publish","type":"product","link":"https:\/\/gretapearls.com\/fr\/shop\/7-8mm-irradiated-dyed-grey-dragonscale-button-freshwater-pearls\/","title":{"rendered":"Perles d&#039;eau douce bouton en \u00e9cailles de dragon grises teint\u00e9es et irradi\u00e9es de 7 \u00e0 8 mm"},"content":{"rendered":"","protected":false},"excerpt":{"rendered":"<p>Environ 80 perles d&#039;eau douce plates, non nucl\u00e9\u00e9es, de 7 \u00e0 8 mm, irradi\u00e9es jusqu&#039;\u00e0 une teinte grise, orn\u00e9es d&#039;\u00e9cailles de dragon grav\u00e9es, mont\u00e9es sur un fil de 40 cm. Parfaites pour un collier \u00e9l\u00e9gant ou un bracelet simple.<\/p>","protected":false},"featured_media":26080,"comment_status":"open","ping_status":"closed","template":"","meta":[],"product_brand":[],"product_cat":[124,144],"product_tag":[91,82,85],"class_list":{"0":"post-26085","1":"product","2":"type-product","3":"status-publish","4":"has-post-thumbnail","6":"product_cat-irregular-pearls","7":"product_cat-dyed-pearls","8":"product_tag-full-drilled-pearls","9":"product_tag-medium-freshwater-pearls-wholesale","10":"product_tag-bulk-string-pearls","11":"pa_color-grey-pearls","12":"pa_shape-button-pearls","14":"first","15":"instock","16":"taxable","17":"shipping-taxable","18":"purchasable","19":"product-type-simple"},"tiered_pricing_type":"fixed","tiered_pricing_fixed_rules":[],"tiered_pricing_product_settings":{"layout":"default","base_unit_name":{"singular":null,"plural":null},"default_variation":null},"tiered_pricing_minimum_quantity":null,"tiered_pricing_roles_data":[],"tiered_pricing_percentage_rules":[],"tiered_pricing_maximum_quantity":null,"tiered_pricing_quantity_step":null,"_links":{"self":[{"href":"https:\/\/gretapearls.com\/fr\/wp-json\/wp\/v2\/product\/26085","targetHints":{"allow":["GET"]}}],"collection":[{"href":"https:\/\/gretapearls.com\/fr\/wp-json\/wp\/v2\/product"}],"about":[{"href":"https:\/\/gretapearls.com\/fr\/wp-json\/wp\/v2\/types\/product"}],"replies":[{"embeddable":true,"href":"https:\/\/gretapearls.com\/fr\/wp-json\/wp\/v2\/comments?post=26085"}],"wp:featuredmedia":[{"embeddable":true,"href":"https:\/\/gretapearls.com\/fr\/wp-json\/wp\/v2\/media\/26080"}],"wp:attachment":[{"href":"https:\/\/gretapearls.com\/fr\/wp-json\/wp\/v2\/media?parent=26085"}],"wp:term":[{"taxonomy":"product_brand","embeddable":true,"href":"https:\/\/gretapearls.com\/fr\/wp-json\/wp\/v2\/product_brand?post=26085"},{"taxonomy":"product_cat","embeddable":true,"href":"https:\/\/gretapearls.com\/fr\/wp-json\/wp\/v2\/product_cat?post=26085"},{"taxonomy":"product_tag","embeddable":true,"href":"https:\/\/gretapearls.com\/fr\/wp-json\/wp\/v2\/product_tag?post=26085"}],"curies":[{"name":"wp","href":"https:\/\/api.w.org\/{rel}","templated":true}]}}