{"id":26041,"date":"2025-06-30T00:03:45","date_gmt":"2025-06-30T04:03:45","guid":{"rendered":"https:\/\/gretapearls.com\/en\/?post_type=product&#038;p=26041"},"modified":"2026-02-07T12:36:09","modified_gmt":"2026-02-07T17:36:09","slug":"perles-deau-douce-baroques-a-gros-trous-naturelles-et-tres-brillantes-de-8-mm","status":"publish","type":"product","link":"https:\/\/gretapearls.com\/fr\/shop\/8mm-natural-high-luster-big-hole-baroque-freshwater-pearls\/","title":{"rendered":"Perles d&#039;eau douce baroques naturelles \u00e0 gros trous de 8 mm, tr\u00e8s brillantes"},"content":{"rendered":"","protected":false},"excerpt":{"rendered":"<p>Perles d&#039;eau douce baroques naturelles, d&#039;environ 8 mm chacune, au brillant \u00e9clatant des deux c\u00f4t\u00e9s, \u00e0 la surface blanche et lisse, \u00e0 la texture naturelle subtile, et perc\u00e9es de trous droits de 2,5 mm. Id\u00e9ales pour la cr\u00e9ation de colliers, bracelets ou boucles d&#039;oreilles, elles conf\u00e8rent un charme \u00e9l\u00e9gant aux cr\u00e9ations modernes comme classiques.<\/p>","protected":false},"featured_media":26036,"comment_status":"open","ping_status":"closed","template":"","meta":[],"product_brand":[],"product_cat":[124],"product_tag":[91,83,85],"class_list":{"0":"post-26041","1":"product","2":"type-product","3":"status-publish","4":"has-post-thumbnail","6":"product_cat-irregular-pearls","7":"product_tag-full-drilled-pearls","8":"product_tag-large-freshwater-pearls-wholesale","9":"product_tag-bulk-string-pearls","10":"pa_color-white-pearls","11":"pa_shape-freeform-pearls","13":"first","14":"instock","15":"taxable","16":"shipping-taxable","17":"purchasable","18":"product-type-simple"},"tiered_pricing_type":"fixed","tiered_pricing_fixed_rules":[],"tiered_pricing_product_settings":{"layout":"default","base_unit_name":{"singular":null,"plural":null},"default_variation":null},"tiered_pricing_minimum_quantity":null,"tiered_pricing_roles_data":[],"tiered_pricing_percentage_rules":[],"tiered_pricing_maximum_quantity":null,"tiered_pricing_quantity_step":null,"_links":{"self":[{"href":"https:\/\/gretapearls.com\/fr\/wp-json\/wp\/v2\/product\/26041","targetHints":{"allow":["GET"]}}],"collection":[{"href":"https:\/\/gretapearls.com\/fr\/wp-json\/wp\/v2\/product"}],"about":[{"href":"https:\/\/gretapearls.com\/fr\/wp-json\/wp\/v2\/types\/product"}],"replies":[{"embeddable":true,"href":"https:\/\/gretapearls.com\/fr\/wp-json\/wp\/v2\/comments?post=26041"}],"wp:featuredmedia":[{"embeddable":true,"href":"https:\/\/gretapearls.com\/fr\/wp-json\/wp\/v2\/media\/26036"}],"wp:attachment":[{"href":"https:\/\/gretapearls.com\/fr\/wp-json\/wp\/v2\/media?parent=26041"}],"wp:term":[{"taxonomy":"product_brand","embeddable":true,"href":"https:\/\/gretapearls.com\/fr\/wp-json\/wp\/v2\/product_brand?post=26041"},{"taxonomy":"product_cat","embeddable":true,"href":"https:\/\/gretapearls.com\/fr\/wp-json\/wp\/v2\/product_cat?post=26041"},{"taxonomy":"product_tag","embeddable":true,"href":"https:\/\/gretapearls.com\/fr\/wp-json\/wp\/v2\/product_tag?post=26041"}],"curies":[{"name":"wp","href":"https:\/\/api.w.org\/{rel}","templated":true}]}}