{"id":25540,"date":"2025-06-25T14:53:48","date_gmt":"2025-06-25T18:53:48","guid":{"rendered":"https:\/\/gretapearls.com\/en\/?post_type=product&#038;p=25540"},"modified":"2026-05-05T11:40:24","modified_gmt":"2026-05-05T15:40:24","slug":"perle-deau-douce-ronde-de-13-a-14-mm-de-qualite-5a-et-a-fort-eclat","status":"publish","type":"product","link":"https:\/\/gretapearls.com\/fr\/shop\/13-14mm-5a-round-high-luster-freshwater-pearl\/","title":{"rendered":"Perle d&#039;eau douce ronde 5A de 13 \u00e0 14 mm, tr\u00e8s brillante"},"content":{"rendered":"","protected":false},"excerpt":{"rendered":"<p>Ces perles d&#039;eau douce de 13 \u00e0 14 mm de diam\u00e8tre sont rondes et captivantes, avec un \u00e9clat miroir, une surface l\u00e9g\u00e8rement rid\u00e9e et une perfection visible \u00e0 distance. Elles sont id\u00e9ales pour la cr\u00e9ation de bijoux \u00e9tincelants, qu&#039;il s&#039;agisse d&#039;une bague luxueuse, d&#039;un pendentif ou de boucles d&#039;oreilles originales.<\/p>","protected":false},"featured_media":25535,"comment_status":"open","ping_status":"closed","template":"","meta":[],"product_brand":[],"product_cat":[54,141],"product_tag":[89,86],"class_list":{"0":"post-25540","1":"product","2":"type-product","3":"status-publish","4":"has-post-thumbnail","6":"product_cat-freshwater-pearls-wholesale","7":"product_cat-promotions","8":"product_tag-half-drilled-pearls","9":"product_tag-loose-freshwater-pearls-wholesale","10":"pa_color-white-pearls","11":"pa_shape-round-pearls","13":"first","14":"instock","15":"sale","16":"taxable","17":"shipping-taxable","18":"purchasable","19":"product-type-simple"},"tiered_pricing_type":"fixed","tiered_pricing_fixed_rules":[],"tiered_pricing_product_settings":{"layout":"default","base_unit_name":{"singular":null,"plural":null},"default_variation":null},"tiered_pricing_minimum_quantity":null,"tiered_pricing_roles_data":[],"tiered_pricing_percentage_rules":[],"tiered_pricing_maximum_quantity":null,"tiered_pricing_quantity_step":null,"_links":{"self":[{"href":"https:\/\/gretapearls.com\/fr\/wp-json\/wp\/v2\/product\/25540","targetHints":{"allow":["GET"]}}],"collection":[{"href":"https:\/\/gretapearls.com\/fr\/wp-json\/wp\/v2\/product"}],"about":[{"href":"https:\/\/gretapearls.com\/fr\/wp-json\/wp\/v2\/types\/product"}],"replies":[{"embeddable":true,"href":"https:\/\/gretapearls.com\/fr\/wp-json\/wp\/v2\/comments?post=25540"}],"wp:featuredmedia":[{"embeddable":true,"href":"https:\/\/gretapearls.com\/fr\/wp-json\/wp\/v2\/media\/25535"}],"wp:attachment":[{"href":"https:\/\/gretapearls.com\/fr\/wp-json\/wp\/v2\/media?parent=25540"}],"wp:term":[{"taxonomy":"product_brand","embeddable":true,"href":"https:\/\/gretapearls.com\/fr\/wp-json\/wp\/v2\/product_brand?post=25540"},{"taxonomy":"product_cat","embeddable":true,"href":"https:\/\/gretapearls.com\/fr\/wp-json\/wp\/v2\/product_cat?post=25540"},{"taxonomy":"product_tag","embeddable":true,"href":"https:\/\/gretapearls.com\/fr\/wp-json\/wp\/v2\/product_tag?post=25540"}],"curies":[{"name":"wp","href":"https:\/\/api.w.org\/{rel}","templated":true}]}}