{"id":25522,"date":"2025-06-25T14:52:43","date_gmt":"2025-06-25T18:52:43","guid":{"rendered":"https:\/\/gretapearls.com\/en\/?post_type=product&#038;p=25522"},"modified":"2026-05-09T08:33:58","modified_gmt":"2026-05-09T12:33:58","slug":"9-perles-deau-douce-naturelles-a-bouton-tres-brillant-de-10-mm","status":"publish","type":"product","link":"https:\/\/gretapearls.com\/fr\/shop\/9-10mm-high-luster-button-natural-freshwater-pearl\/","title":{"rendered":"Perle d&#039;eau douce naturelle bouton tr\u00e8s brillante de 9 \u00e0 10 mm"},"content":{"rendered":"","protected":false},"excerpt":{"rendered":"<p>Ces perles d&#039;eau douce naturelles de 9 \u00e0 10 mm, d&#039;un brillant intense et d&#039;une surface bomb\u00e9e et lisse, sont parfaites pour des boucles d&#039;oreilles classiques ou des incrustations raffin\u00e9es. Leur forme uniforme et leur brillance en font un bijou id\u00e9al pour des cr\u00e9ations \u00e9l\u00e9gantes et harmonieuses.<\/p>","protected":false},"featured_media":25517,"comment_status":"open","ping_status":"closed","template":"","meta":[],"product_brand":[],"product_cat":[54,141],"product_tag":[89,87,82],"class_list":{"0":"post-25522","1":"product","2":"type-product","3":"status-publish","4":"has-post-thumbnail","6":"product_cat-freshwater-pearls-wholesale","7":"product_cat-promotions","8":"product_tag-half-drilled-pearls","9":"product_tag-matching-pearls","10":"product_tag-medium-freshwater-pearls-wholesale","11":"pa_color-white-pearls","12":"pa_shape-button-pearls","14":"first","15":"instock","16":"sale","17":"taxable","18":"shipping-taxable","19":"purchasable","20":"product-type-simple"},"tiered_pricing_type":"fixed","tiered_pricing_fixed_rules":[],"tiered_pricing_product_settings":{"layout":"default","base_unit_name":{"singular":null,"plural":null},"default_variation":null},"tiered_pricing_minimum_quantity":10,"tiered_pricing_roles_data":[],"tiered_pricing_percentage_rules":[],"tiered_pricing_maximum_quantity":null,"tiered_pricing_quantity_step":null,"_links":{"self":[{"href":"https:\/\/gretapearls.com\/fr\/wp-json\/wp\/v2\/product\/25522","targetHints":{"allow":["GET"]}}],"collection":[{"href":"https:\/\/gretapearls.com\/fr\/wp-json\/wp\/v2\/product"}],"about":[{"href":"https:\/\/gretapearls.com\/fr\/wp-json\/wp\/v2\/types\/product"}],"replies":[{"embeddable":true,"href":"https:\/\/gretapearls.com\/fr\/wp-json\/wp\/v2\/comments?post=25522"}],"wp:featuredmedia":[{"embeddable":true,"href":"https:\/\/gretapearls.com\/fr\/wp-json\/wp\/v2\/media\/25517"}],"wp:attachment":[{"href":"https:\/\/gretapearls.com\/fr\/wp-json\/wp\/v2\/media?parent=25522"}],"wp:term":[{"taxonomy":"product_brand","embeddable":true,"href":"https:\/\/gretapearls.com\/fr\/wp-json\/wp\/v2\/product_brand?post=25522"},{"taxonomy":"product_cat","embeddable":true,"href":"https:\/\/gretapearls.com\/fr\/wp-json\/wp\/v2\/product_cat?post=25522"},{"taxonomy":"product_tag","embeddable":true,"href":"https:\/\/gretapearls.com\/fr\/wp-json\/wp\/v2\/product_tag?post=25522"}],"curies":[{"name":"wp","href":"https:\/\/api.w.org\/{rel}","templated":true}]}}