{"id":25341,"date":"2025-06-24T09:37:41","date_gmt":"2025-06-24T13:37:41","guid":{"rendered":"https:\/\/gretapearls.com\/en\/?post_type=product&#038;p=25341"},"modified":"2026-04-29T20:32:15","modified_gmt":"2026-04-30T00:32:15","slug":"14-pendentifs-en-perles-deau-douce-naturelles-irisees-en-argent-s925-de-15-mm","status":"publish","type":"product","link":"https:\/\/gretapearls.com\/fr\/shop\/14-15mm-s925-silver-iridescent-natural-freshwater-pearl-pendants\/","title":{"rendered":"Pendentifs en perles d&#039;eau douce naturelles iris\u00e9es en argent S925 de 14 \u00e0 15 mm"},"content":{"rendered":"","protected":false},"excerpt":{"rendered":"<p>Les perles baroques d&#039;eau douce naturelles aux formes libres mont\u00e9es sur des fermoirs universels en argent S925 pr\u00e9sentent une nacre blanche cr\u00e9meuse avec des nuances arc-en-ciel et des textures subtiles.<\/p>","protected":false},"featured_media":25334,"comment_status":"open","ping_status":"closed","template":"","meta":[],"product_brand":[],"product_cat":[80],"product_tag":[84,86],"class_list":{"0":"post-25341","1":"product","2":"type-product","3":"status-publish","4":"has-post-thumbnail","6":"product_cat-pearl-pendant-wholesale","7":"product_tag-giant-pearls-whoelsale","8":"product_tag-loose-freshwater-pearls-wholesale","9":"pa_shape-teardrop-pearls","11":"first","12":"instock","13":"taxable","14":"shipping-taxable","15":"purchasable","16":"product-type-variable"},"tiered_pricing_type":"fixed","tiered_pricing_fixed_rules":[],"tiered_pricing_product_settings":{"layout":"default","base_unit_name":{"singular":null,"plural":null},"default_variation":null},"tiered_pricing_minimum_quantity":null,"tiered_pricing_roles_data":[],"tiered_pricing_percentage_rules":[],"tiered_pricing_maximum_quantity":null,"tiered_pricing_quantity_step":null,"_links":{"self":[{"href":"https:\/\/gretapearls.com\/fr\/wp-json\/wp\/v2\/product\/25341","targetHints":{"allow":["GET"]}}],"collection":[{"href":"https:\/\/gretapearls.com\/fr\/wp-json\/wp\/v2\/product"}],"about":[{"href":"https:\/\/gretapearls.com\/fr\/wp-json\/wp\/v2\/types\/product"}],"replies":[{"embeddable":true,"href":"https:\/\/gretapearls.com\/fr\/wp-json\/wp\/v2\/comments?post=25341"}],"wp:featuredmedia":[{"embeddable":true,"href":"https:\/\/gretapearls.com\/fr\/wp-json\/wp\/v2\/media\/25334"}],"wp:attachment":[{"href":"https:\/\/gretapearls.com\/fr\/wp-json\/wp\/v2\/media?parent=25341"}],"wp:term":[{"taxonomy":"product_brand","embeddable":true,"href":"https:\/\/gretapearls.com\/fr\/wp-json\/wp\/v2\/product_brand?post=25341"},{"taxonomy":"product_cat","embeddable":true,"href":"https:\/\/gretapearls.com\/fr\/wp-json\/wp\/v2\/product_cat?post=25341"},{"taxonomy":"product_tag","embeddable":true,"href":"https:\/\/gretapearls.com\/fr\/wp-json\/wp\/v2\/product_tag?post=25341"}],"curies":[{"name":"wp","href":"https:\/\/api.w.org\/{rel}","templated":true}]}}