{"id":25327,"date":"2025-06-24T09:36:55","date_gmt":"2025-06-24T13:36:55","guid":{"rendered":"https:\/\/gretapearls.com\/en\/?post_type=product&#038;p=25327"},"modified":"2026-04-29T20:32:15","modified_gmt":"2026-04-30T00:32:15","slug":"pendentif-en-argent-s925-avec-perle-deau-douce-edison-ronde-de-11-a-12-mm","status":"publish","type":"product","link":"https:\/\/gretapearls.com\/fr\/shop\/s925-silver-11-12mm-round-edison-freshwater-pearl-pendant\/","title":{"rendered":"Pendentif en argent S925 avec perle d&#039;eau douce ronde Edison de 11 \u00e0 12 mm"},"content":{"rendered":"","protected":false},"excerpt":{"rendered":"<p>Pendentifs en perles d&#039;eau douce Edison rondes de 11 \u00e0 12 mm, aux surfaces blanches brillantes, mont\u00e9s sur un fermoir universel en argent sterling S925\u00a0; vendus \u00e0 l&#039;unit\u00e9. Parfaits en collier ou en pendentif de boucle d&#039;oreille pour une \u00e9l\u00e9gance intemporelle, d\u00e9contract\u00e9e ou formelle.<\/p>","protected":false},"featured_media":25322,"comment_status":"open","ping_status":"closed","template":"","meta":[],"product_brand":[],"product_cat":[80],"product_tag":[84,86],"class_list":{"0":"post-25327","1":"product","2":"type-product","3":"status-publish","4":"has-post-thumbnail","6":"product_cat-pearl-pendant-wholesale","7":"product_tag-giant-pearls-whoelsale","8":"product_tag-loose-freshwater-pearls-wholesale","9":"pa_shape-round-pearls","11":"first","12":"instock","13":"taxable","14":"shipping-taxable","15":"purchasable","16":"product-type-variable"},"tiered_pricing_type":"fixed","tiered_pricing_fixed_rules":[],"tiered_pricing_product_settings":{"layout":"default","base_unit_name":{"singular":null,"plural":null},"default_variation":null},"tiered_pricing_minimum_quantity":null,"tiered_pricing_roles_data":[],"tiered_pricing_percentage_rules":[],"tiered_pricing_maximum_quantity":null,"tiered_pricing_quantity_step":null,"_links":{"self":[{"href":"https:\/\/gretapearls.com\/fr\/wp-json\/wp\/v2\/product\/25327","targetHints":{"allow":["GET"]}}],"collection":[{"href":"https:\/\/gretapearls.com\/fr\/wp-json\/wp\/v2\/product"}],"about":[{"href":"https:\/\/gretapearls.com\/fr\/wp-json\/wp\/v2\/types\/product"}],"replies":[{"embeddable":true,"href":"https:\/\/gretapearls.com\/fr\/wp-json\/wp\/v2\/comments?post=25327"}],"wp:featuredmedia":[{"embeddable":true,"href":"https:\/\/gretapearls.com\/fr\/wp-json\/wp\/v2\/media\/25322"}],"wp:attachment":[{"href":"https:\/\/gretapearls.com\/fr\/wp-json\/wp\/v2\/media?parent=25327"}],"wp:term":[{"taxonomy":"product_brand","embeddable":true,"href":"https:\/\/gretapearls.com\/fr\/wp-json\/wp\/v2\/product_brand?post=25327"},{"taxonomy":"product_cat","embeddable":true,"href":"https:\/\/gretapearls.com\/fr\/wp-json\/wp\/v2\/product_cat?post=25327"},{"taxonomy":"product_tag","embeddable":true,"href":"https:\/\/gretapearls.com\/fr\/wp-json\/wp\/v2\/product_tag?post=25327"}],"curies":[{"name":"wp","href":"https:\/\/api.w.org\/{rel}","templated":true}]}}