{"id":24804,"date":"2025-06-11T01:35:08","date_gmt":"2025-06-11T05:35:08","guid":{"rendered":"https:\/\/gretapearls.com\/en\/?post_type=product&#038;p=24804"},"modified":"2026-02-14T12:32:47","modified_gmt":"2026-02-14T17:32:47","slug":"perle-deau-douce-naturelle-irreguliere-en-forme-de-petale-5a","status":"publish","type":"product","link":"https:\/\/gretapearls.com\/fr\/shop\/5a-petal-shaped-irregular-natural-freshwater-pearl\/","title":{"rendered":"5a Perle d&#039;eau douce naturelle irr\u00e9guli\u00e8re en forme de p\u00e9tale"},"content":{"rendered":"","protected":false},"excerpt":{"rendered":"<p>Ces perles d&#039;eau douce de qualit\u00e9 5A mesurent entre 7 et 11 mm et pr\u00e9sentent une forme de p\u00e9tale naturellement irr\u00e9guli\u00e8re. Leur surface est rid\u00e9e et irr\u00e9guli\u00e8re, avec un lustre intense et un fort reflet. Elles conviennent parfaitement aux colliers superpos\u00e9s, aux boucles d&#039;oreilles florales ou aux bijoux textur\u00e9s.<\/p>","protected":false},"featured_media":24799,"comment_status":"open","ping_status":"closed","template":"","meta":[],"product_brand":[],"product_cat":[55],"product_tag":[91,82,85],"class_list":{"0":"post-24804","1":"product","2":"type-product","3":"status-publish","4":"has-post-thumbnail","6":"product_cat-keshi-pearls-wholesale","7":"product_tag-full-drilled-pearls","8":"product_tag-medium-freshwater-pearls-wholesale","9":"product_tag-bulk-string-pearls","10":"pa_color-white-pearls","11":"pa_shape-petal-pearls","13":"first","14":"instock","15":"taxable","16":"shipping-taxable","17":"purchasable","18":"product-type-variable"},"tiered_pricing_type":"fixed","tiered_pricing_fixed_rules":[],"tiered_pricing_product_settings":{"layout":"default","base_unit_name":{"singular":null,"plural":null},"default_variation":null},"tiered_pricing_minimum_quantity":null,"tiered_pricing_roles_data":[],"tiered_pricing_percentage_rules":[],"tiered_pricing_maximum_quantity":null,"tiered_pricing_quantity_step":null,"_links":{"self":[{"href":"https:\/\/gretapearls.com\/fr\/wp-json\/wp\/v2\/product\/24804","targetHints":{"allow":["GET"]}}],"collection":[{"href":"https:\/\/gretapearls.com\/fr\/wp-json\/wp\/v2\/product"}],"about":[{"href":"https:\/\/gretapearls.com\/fr\/wp-json\/wp\/v2\/types\/product"}],"replies":[{"embeddable":true,"href":"https:\/\/gretapearls.com\/fr\/wp-json\/wp\/v2\/comments?post=24804"}],"wp:featuredmedia":[{"embeddable":true,"href":"https:\/\/gretapearls.com\/fr\/wp-json\/wp\/v2\/media\/24799"}],"wp:attachment":[{"href":"https:\/\/gretapearls.com\/fr\/wp-json\/wp\/v2\/media?parent=24804"}],"wp:term":[{"taxonomy":"product_brand","embeddable":true,"href":"https:\/\/gretapearls.com\/fr\/wp-json\/wp\/v2\/product_brand?post=24804"},{"taxonomy":"product_cat","embeddable":true,"href":"https:\/\/gretapearls.com\/fr\/wp-json\/wp\/v2\/product_cat?post=24804"},{"taxonomy":"product_tag","embeddable":true,"href":"https:\/\/gretapearls.com\/fr\/wp-json\/wp\/v2\/product_tag?post=24804"}],"curies":[{"name":"wp","href":"https:\/\/api.w.org\/{rel}","templated":true}]}}