{"id":24707,"date":"2025-06-11T01:29:47","date_gmt":"2025-06-11T05:29:47","guid":{"rendered":"https:\/\/gretapearls.com\/en\/?post_type=product&#038;p=24707"},"modified":"2026-02-14T12:24:23","modified_gmt":"2026-02-14T17:24:23","slug":"perle-deau-douce-naturelle-de-haute-qualite-en-forme-de-riz-de-5-mm","status":"publish","type":"product","link":"https:\/\/gretapearls.com\/fr\/shop\/5mm-rice-shaped-high-quality-natural-freshwater-pearl\/","title":{"rendered":"Perle d&#039;eau douce naturelle de haute qualit\u00e9 en forme de riz de 5 mm"},"content":{"rendered":"","protected":false},"excerpt":{"rendered":"<p>Ces perles d&#039;eau douce naturelles de 5 \u00e0 6 mm ont une forme de grain de riz lisse et se d\u00e9clinent dans des tons doux de blanc, champagne et violet. Leur surface est nette et leur lustre naturel et d\u00e9licat. Un choix polyvalent pour les cr\u00e9ations perl\u00e9es, les superpositions ou les bijoux d\u00e9licats du quotidien.<\/p>","protected":false},"featured_media":24700,"comment_status":"open","ping_status":"closed","template":"","meta":[],"product_brand":[],"product_cat":[54],"product_tag":[91,83,85],"class_list":{"0":"post-24707","1":"product","2":"type-product","3":"status-publish","4":"has-post-thumbnail","6":"product_cat-freshwater-pearls-wholesale","7":"product_tag-full-drilled-pearls","8":"product_tag-large-freshwater-pearls-wholesale","9":"product_tag-bulk-string-pearls","10":"pa_color-champagne-pearls","11":"pa_color-purple-pearls","12":"pa_color-white-pearls","13":"pa_shape-rice-pearls","15":"first","16":"instock","17":"taxable","18":"shipping-taxable","19":"purchasable","20":"product-type-variable"},"tiered_pricing_type":"fixed","tiered_pricing_fixed_rules":[],"tiered_pricing_product_settings":{"layout":"default","base_unit_name":{"singular":null,"plural":null},"default_variation":null},"tiered_pricing_minimum_quantity":null,"tiered_pricing_roles_data":[],"tiered_pricing_percentage_rules":[],"tiered_pricing_maximum_quantity":null,"tiered_pricing_quantity_step":null,"_links":{"self":[{"href":"https:\/\/gretapearls.com\/fr\/wp-json\/wp\/v2\/product\/24707","targetHints":{"allow":["GET"]}}],"collection":[{"href":"https:\/\/gretapearls.com\/fr\/wp-json\/wp\/v2\/product"}],"about":[{"href":"https:\/\/gretapearls.com\/fr\/wp-json\/wp\/v2\/types\/product"}],"replies":[{"embeddable":true,"href":"https:\/\/gretapearls.com\/fr\/wp-json\/wp\/v2\/comments?post=24707"}],"wp:featuredmedia":[{"embeddable":true,"href":"https:\/\/gretapearls.com\/fr\/wp-json\/wp\/v2\/media\/24700"}],"wp:attachment":[{"href":"https:\/\/gretapearls.com\/fr\/wp-json\/wp\/v2\/media?parent=24707"}],"wp:term":[{"taxonomy":"product_brand","embeddable":true,"href":"https:\/\/gretapearls.com\/fr\/wp-json\/wp\/v2\/product_brand?post=24707"},{"taxonomy":"product_cat","embeddable":true,"href":"https:\/\/gretapearls.com\/fr\/wp-json\/wp\/v2\/product_cat?post=24707"},{"taxonomy":"product_tag","embeddable":true,"href":"https:\/\/gretapearls.com\/fr\/wp-json\/wp\/v2\/product_tag?post=24707"}],"curies":[{"name":"wp","href":"https:\/\/api.w.org\/{rel}","templated":true}]}}