{"id":24445,"date":"2025-06-04T14:26:17","date_gmt":"2025-06-04T18:26:17","guid":{"rendered":"https:\/\/gretapearls.com\/en\/?post_type=product&#038;p=24445"},"modified":"2026-04-21T12:07:05","modified_gmt":"2026-04-21T16:07:05","slug":"perle-deau-douce-de-5-mm-de-couleur-bonbon-en-forme-de-riz-de-haute-qualite","status":"publish","type":"product","link":"https:\/\/gretapearls.com\/fr\/shop\/5mm-candy-color-high-quality-rice-shape-freshwater-pearl\/","title":{"rendered":"Perle d&#039;eau douce couleur bonbon de 5 \u00e0 7 mm en forme de riz de haute qualit\u00e9"},"content":{"rendered":"","protected":false},"excerpt":{"rendered":"<p>Perles d&#039;eau douce en forme de riz, couleur bonbon, de 5 \u00e0 7 mm, brillantes et \u00e9clatantes, aux tons rose, lavande et p\u00eache. Vendues enti\u00e8rement perc\u00e9es par d\u00e9faut, id\u00e9ales pour l&#039;enfilage\u00a0; environ 23 \u00e0 26 pi\u00e8ces pour un bracelet, 50 \u00e0 55 pi\u00e8ces pour un collier.<\/p>","protected":false},"featured_media":24440,"comment_status":"open","ping_status":"closed","template":"","meta":[],"product_brand":[],"product_cat":[54],"product_tag":[91,86,82],"class_list":{"0":"post-24445","1":"product","2":"type-product","3":"status-publish","4":"has-post-thumbnail","6":"product_cat-freshwater-pearls-wholesale","7":"product_tag-full-drilled-pearls","8":"product_tag-loose-freshwater-pearls-wholesale","9":"product_tag-medium-freshwater-pearls-wholesale","10":"pa_color-candy-pearls","11":"pa_shape-rice-pearls","13":"first","14":"instock","15":"taxable","16":"shipping-taxable","17":"purchasable","18":"product-type-simple"},"tiered_pricing_type":"fixed","tiered_pricing_fixed_rules":[],"tiered_pricing_product_settings":{"layout":"default","base_unit_name":{"singular":null,"plural":null},"default_variation":null},"tiered_pricing_minimum_quantity":30,"tiered_pricing_roles_data":[],"tiered_pricing_percentage_rules":[],"tiered_pricing_maximum_quantity":null,"tiered_pricing_quantity_step":null,"_links":{"self":[{"href":"https:\/\/gretapearls.com\/fr\/wp-json\/wp\/v2\/product\/24445","targetHints":{"allow":["GET"]}}],"collection":[{"href":"https:\/\/gretapearls.com\/fr\/wp-json\/wp\/v2\/product"}],"about":[{"href":"https:\/\/gretapearls.com\/fr\/wp-json\/wp\/v2\/types\/product"}],"replies":[{"embeddable":true,"href":"https:\/\/gretapearls.com\/fr\/wp-json\/wp\/v2\/comments?post=24445"}],"wp:featuredmedia":[{"embeddable":true,"href":"https:\/\/gretapearls.com\/fr\/wp-json\/wp\/v2\/media\/24440"}],"wp:attachment":[{"href":"https:\/\/gretapearls.com\/fr\/wp-json\/wp\/v2\/media?parent=24445"}],"wp:term":[{"taxonomy":"product_brand","embeddable":true,"href":"https:\/\/gretapearls.com\/fr\/wp-json\/wp\/v2\/product_brand?post=24445"},{"taxonomy":"product_cat","embeddable":true,"href":"https:\/\/gretapearls.com\/fr\/wp-json\/wp\/v2\/product_cat?post=24445"},{"taxonomy":"product_tag","embeddable":true,"href":"https:\/\/gretapearls.com\/fr\/wp-json\/wp\/v2\/product_tag?post=24445"}],"curies":[{"name":"wp","href":"https:\/\/api.w.org\/{rel}","templated":true}]}}