{"id":24135,"date":"2025-05-25T14:51:24","date_gmt":"2025-05-25T18:51:24","guid":{"rendered":"https:\/\/gretapearls.com\/en\/?post_type=product&#038;p=24135"},"modified":"2026-04-27T08:25:56","modified_gmt":"2026-04-27T12:25:56","slug":"perles-deau-douce-violettes-sans-pepins-en-forme-de-riz-de-7-mm","status":"publish","type":"product","link":"https:\/\/gretapearls.com\/fr\/shop\/7mm-purple-seedless-rice-shaped-freshwater-pearls\/","title":{"rendered":"Perles d&#039;eau douce violettes sans p\u00e9pins en forme de riz de 7 mm"},"content":{"rendered":"","protected":false},"excerpt":{"rendered":"<p>Ces perles d&#039;eau douce en forme de grain de riz de 7 mm se d\u00e9clinent dans de riches tons violets avec une structure lisse et sans graines. Dot\u00e9es d&#039;un brillant intense et d&#039;une surface impeccable, elles sont id\u00e9ales pour des bijoux raffin\u00e9s comme des boucles d&#039;oreilles, des pendentifs ou des enfilages \u00e9l\u00e9gants.<\/p>","protected":false},"featured_media":24130,"comment_status":"open","ping_status":"closed","template":"","meta":[],"product_brand":[],"product_cat":[54,141],"product_tag":[86,82,88],"class_list":{"0":"post-24135","1":"product","2":"type-product","3":"status-publish","4":"has-post-thumbnail","6":"product_cat-freshwater-pearls-wholesale","7":"product_cat-promotions","8":"product_tag-loose-freshwater-pearls-wholesale","9":"product_tag-medium-freshwater-pearls-wholesale","10":"product_tag-no-hole-pearls-bulk","11":"pa_color-purple-pearls","12":"pa_shape-rice-pearls","14":"first","15":"instock","16":"sale","17":"taxable","18":"shipping-taxable","19":"purchasable","20":"product-type-simple"},"tiered_pricing_type":"fixed","tiered_pricing_fixed_rules":[],"tiered_pricing_product_settings":{"layout":"default","base_unit_name":{"singular":null,"plural":null},"default_variation":null},"tiered_pricing_minimum_quantity":10,"tiered_pricing_roles_data":[],"tiered_pricing_percentage_rules":[],"tiered_pricing_maximum_quantity":null,"tiered_pricing_quantity_step":null,"_links":{"self":[{"href":"https:\/\/gretapearls.com\/fr\/wp-json\/wp\/v2\/product\/24135","targetHints":{"allow":["GET"]}}],"collection":[{"href":"https:\/\/gretapearls.com\/fr\/wp-json\/wp\/v2\/product"}],"about":[{"href":"https:\/\/gretapearls.com\/fr\/wp-json\/wp\/v2\/types\/product"}],"replies":[{"embeddable":true,"href":"https:\/\/gretapearls.com\/fr\/wp-json\/wp\/v2\/comments?post=24135"}],"wp:featuredmedia":[{"embeddable":true,"href":"https:\/\/gretapearls.com\/fr\/wp-json\/wp\/v2\/media\/24130"}],"wp:attachment":[{"href":"https:\/\/gretapearls.com\/fr\/wp-json\/wp\/v2\/media?parent=24135"}],"wp:term":[{"taxonomy":"product_brand","embeddable":true,"href":"https:\/\/gretapearls.com\/fr\/wp-json\/wp\/v2\/product_brand?post=24135"},{"taxonomy":"product_cat","embeddable":true,"href":"https:\/\/gretapearls.com\/fr\/wp-json\/wp\/v2\/product_cat?post=24135"},{"taxonomy":"product_tag","embeddable":true,"href":"https:\/\/gretapearls.com\/fr\/wp-json\/wp\/v2\/product_tag?post=24135"}],"curies":[{"name":"wp","href":"https:\/\/api.w.org\/{rel}","templated":true}]}}