{"id":24121,"date":"2025-05-25T14:49:41","date_gmt":"2025-05-25T18:49:41","guid":{"rendered":"https:\/\/gretapearls.com\/en\/?post_type=product&#038;p=24121"},"modified":"2026-04-29T08:11:24","modified_gmt":"2026-04-29T12:11:24","slug":"perles-deau-douce-bouton-6a-de-haute-qualite-de-8-mm","status":"publish","type":"product","link":"https:\/\/gretapearls.com\/fr\/shop\/8mm-high-quality-6a-button-freshwater-pearls\/","title":{"rendered":"Perles d&#039;eau douce bouton 6a de haute qualit\u00e9 de 8 mm"},"content":{"rendered":"","protected":false},"excerpt":{"rendered":"<p>Ces perles d&#039;eau douce en forme de bouton de 8 \u00e0 9 mm sont class\u00e9es 6A. Leur \u00e9clat intense, semblable \u00e0 celui d&#039;une aurore bor\u00e9ale, leurs surfaces nettes et leur forme bomb\u00e9e \u00e9quilibr\u00e9e en font des perles id\u00e9ales pour les boucles d&#039;oreilles, les bagues ou les bijoux incrust\u00e9s haut de gamme. Demi-perc\u00e9es par d\u00e9faut.<\/p>","protected":false},"featured_media":24112,"comment_status":"open","ping_status":"closed","template":"","meta":[],"product_brand":[],"product_cat":[54,141],"product_tag":[89,86,81],"class_list":{"0":"post-24121","1":"product","2":"type-product","3":"status-publish","4":"has-post-thumbnail","6":"product_cat-freshwater-pearls-wholesale","7":"product_cat-promotions","8":"product_tag-half-drilled-pearls","9":"product_tag-loose-freshwater-pearls-wholesale","10":"product_tag-small-freshwater-pearls-wholesale","11":"pa_color-white-pearls","12":"pa_shape-button-pearls","14":"first","15":"instock","16":"sale","17":"taxable","18":"shipping-taxable","19":"purchasable","20":"product-type-simple"},"tiered_pricing_type":"fixed","tiered_pricing_fixed_rules":[],"tiered_pricing_product_settings":{"layout":"default","base_unit_name":{"singular":null,"plural":null},"default_variation":null},"tiered_pricing_minimum_quantity":5,"tiered_pricing_roles_data":[],"tiered_pricing_percentage_rules":[],"tiered_pricing_maximum_quantity":null,"tiered_pricing_quantity_step":null,"_links":{"self":[{"href":"https:\/\/gretapearls.com\/fr\/wp-json\/wp\/v2\/product\/24121","targetHints":{"allow":["GET"]}}],"collection":[{"href":"https:\/\/gretapearls.com\/fr\/wp-json\/wp\/v2\/product"}],"about":[{"href":"https:\/\/gretapearls.com\/fr\/wp-json\/wp\/v2\/types\/product"}],"replies":[{"embeddable":true,"href":"https:\/\/gretapearls.com\/fr\/wp-json\/wp\/v2\/comments?post=24121"}],"wp:featuredmedia":[{"embeddable":true,"href":"https:\/\/gretapearls.com\/fr\/wp-json\/wp\/v2\/media\/24112"}],"wp:attachment":[{"href":"https:\/\/gretapearls.com\/fr\/wp-json\/wp\/v2\/media?parent=24121"}],"wp:term":[{"taxonomy":"product_brand","embeddable":true,"href":"https:\/\/gretapearls.com\/fr\/wp-json\/wp\/v2\/product_brand?post=24121"},{"taxonomy":"product_cat","embeddable":true,"href":"https:\/\/gretapearls.com\/fr\/wp-json\/wp\/v2\/product_cat?post=24121"},{"taxonomy":"product_tag","embeddable":true,"href":"https:\/\/gretapearls.com\/fr\/wp-json\/wp\/v2\/product_tag?post=24121"}],"curies":[{"name":"wp","href":"https:\/\/api.w.org\/{rel}","templated":true}]}}