{"id":23901,"date":"2025-05-18T12:30:53","date_gmt":"2025-05-18T16:30:53","guid":{"rendered":"https:\/\/gretapearls.com\/en\/?post_type=product&#038;p=23901"},"modified":"2026-04-24T20:00:11","modified_gmt":"2026-04-25T00:00:11","slug":"perle-deau-douce-naturelle-plate-en-forme-de-larme-coloree-de-10-mm","status":"publish","type":"product","link":"https:\/\/gretapearls.com\/fr\/shop\/10mm-colorful-teardrop-shaped-flat-natural-freshwater-pearl\/","title":{"rendered":"Perle d&#039;eau douce naturelle plate en forme de larme color\u00e9e de 10 mm"},"content":{"rendered":"","protected":false},"excerpt":{"rendered":"<p>Perles d&#039;eau douce naturelles plates en forme de goutte de 10 mm, aux tons blanc et champagne, mont\u00e9es sur un fil de 38 cm, compos\u00e9es d&#039;environ 24 perles. Ces perles pr\u00e9sentent de subtiles variations de couleurs, un \u00e9clat intense et des surfaces naturellement textur\u00e9es. Elles conviennent parfaitement aux boucles d&#039;oreilles, aux pendentifs ou aux cr\u00e9ations superpos\u00e9es au style organique.<\/p>","protected":false},"featured_media":23895,"comment_status":"open","ping_status":"closed","template":"","meta":[],"product_brand":[],"product_cat":[124],"product_tag":[83,90,85],"class_list":{"0":"post-23901","1":"product","2":"type-product","3":"status-publish","4":"has-post-thumbnail","6":"product_cat-irregular-pearls","7":"product_tag-large-freshwater-pearls-wholesale","8":"product_tag-side-drilled-pearls","9":"product_tag-bulk-string-pearls","10":"pa_color-champagne-pearls","11":"pa_color-white-pearls","12":"pa_shape-teardrop-pearls","14":"first","15":"instock","16":"taxable","17":"shipping-taxable","18":"purchasable","19":"product-type-variable"},"tiered_pricing_type":"fixed","tiered_pricing_fixed_rules":[],"tiered_pricing_product_settings":{"layout":"default","base_unit_name":{"singular":null,"plural":null},"default_variation":null},"tiered_pricing_minimum_quantity":null,"tiered_pricing_roles_data":[],"tiered_pricing_percentage_rules":[],"tiered_pricing_maximum_quantity":null,"tiered_pricing_quantity_step":null,"_links":{"self":[{"href":"https:\/\/gretapearls.com\/fr\/wp-json\/wp\/v2\/product\/23901","targetHints":{"allow":["GET"]}}],"collection":[{"href":"https:\/\/gretapearls.com\/fr\/wp-json\/wp\/v2\/product"}],"about":[{"href":"https:\/\/gretapearls.com\/fr\/wp-json\/wp\/v2\/types\/product"}],"replies":[{"embeddable":true,"href":"https:\/\/gretapearls.com\/fr\/wp-json\/wp\/v2\/comments?post=23901"}],"wp:featuredmedia":[{"embeddable":true,"href":"https:\/\/gretapearls.com\/fr\/wp-json\/wp\/v2\/media\/23895"}],"wp:attachment":[{"href":"https:\/\/gretapearls.com\/fr\/wp-json\/wp\/v2\/media?parent=23901"}],"wp:term":[{"taxonomy":"product_brand","embeddable":true,"href":"https:\/\/gretapearls.com\/fr\/wp-json\/wp\/v2\/product_brand?post=23901"},{"taxonomy":"product_cat","embeddable":true,"href":"https:\/\/gretapearls.com\/fr\/wp-json\/wp\/v2\/product_cat?post=23901"},{"taxonomy":"product_tag","embeddable":true,"href":"https:\/\/gretapearls.com\/fr\/wp-json\/wp\/v2\/product_tag?post=23901"}],"curies":[{"name":"wp","href":"https:\/\/api.w.org\/{rel}","templated":true}]}}