{"id":20495,"date":"2025-01-02T09:30:22","date_gmt":"2025-01-02T13:30:22","guid":{"rendered":"https:\/\/gretapearls.com\/?post_type=product&#038;p=20495"},"modified":"2026-02-07T13:27:22","modified_gmt":"2026-02-07T18:27:22","slug":"mini-pendentif-double-coeur-en-argent-s925-pour-bijoux","status":"publish","type":"product","link":"https:\/\/gretapearls.com\/fr\/shop\/s925-silver-mini-double-heart-pendant-for-jewelry\/","title":{"rendered":"Pendentif mini double c\u0153ur en argent S925 pour bijoux"},"content":{"rendered":"","protected":false},"excerpt":{"rendered":"<p>Ce mini pendentif double c\u0153ur en argent S925 pr\u00e9sente un design d\u00e9licatement textur\u00e9 avec deux c\u0153urs imbriqu\u00e9s, empreints de charme et d&#039;\u00e9l\u00e9gance intemporelle. Parfait pour les colliers, bracelets ou bracelets de cheville, il compl\u00e8te les styles de bijoux romantiques, minimalistes et classiques.<\/p>","protected":false},"featured_media":20490,"comment_status":"open","ping_status":"closed","template":"","meta":[],"product_brand":[],"product_cat":[116],"product_tag":[],"class_list":{"0":"post-20495","1":"product","2":"type-product","3":"status-publish","4":"has-post-thumbnail","6":"product_cat-bracelet-charms-wholesale","8":"first","9":"instock","10":"taxable","11":"shipping-taxable","12":"purchasable","13":"product-type-variable"},"tiered_pricing_type":"fixed","tiered_pricing_fixed_rules":[],"tiered_pricing_product_settings":{"layout":"default","base_unit_name":{"singular":null,"plural":null},"default_variation":null},"tiered_pricing_minimum_quantity":null,"tiered_pricing_roles_data":[],"tiered_pricing_percentage_rules":[],"tiered_pricing_maximum_quantity":null,"tiered_pricing_quantity_step":null,"_links":{"self":[{"href":"https:\/\/gretapearls.com\/fr\/wp-json\/wp\/v2\/product\/20495","targetHints":{"allow":["GET"]}}],"collection":[{"href":"https:\/\/gretapearls.com\/fr\/wp-json\/wp\/v2\/product"}],"about":[{"href":"https:\/\/gretapearls.com\/fr\/wp-json\/wp\/v2\/types\/product"}],"replies":[{"embeddable":true,"href":"https:\/\/gretapearls.com\/fr\/wp-json\/wp\/v2\/comments?post=20495"}],"wp:featuredmedia":[{"embeddable":true,"href":"https:\/\/gretapearls.com\/fr\/wp-json\/wp\/v2\/media\/20490"}],"wp:attachment":[{"href":"https:\/\/gretapearls.com\/fr\/wp-json\/wp\/v2\/media?parent=20495"}],"wp:term":[{"taxonomy":"product_brand","embeddable":true,"href":"https:\/\/gretapearls.com\/fr\/wp-json\/wp\/v2\/product_brand?post=20495"},{"taxonomy":"product_cat","embeddable":true,"href":"https:\/\/gretapearls.com\/fr\/wp-json\/wp\/v2\/product_cat?post=20495"},{"taxonomy":"product_tag","embeddable":true,"href":"https:\/\/gretapearls.com\/fr\/wp-json\/wp\/v2\/product_tag?post=20495"}],"curies":[{"name":"wp","href":"https:\/\/api.w.org\/{rel}","templated":true}]}}