{"id":20322,"date":"2024-12-30T12:25:18","date_gmt":"2024-12-30T16:25:18","guid":{"rendered":"https:\/\/gretapearls.com\/?post_type=product&#038;p=20322"},"modified":"2026-02-07T13:27:15","modified_gmt":"2026-02-07T18:27:15","slug":"pendentif-disque-en-forme-de-coeur-plaque-argent-s925-pour-collier-et-bracelet","status":"publish","type":"product","link":"https:\/\/gretapearls.com\/fr\/shop\/s925-silver-plated-heart-disc-pendant-for-necklace-and-bracelet\/","title":{"rendered":"Pendentif disque en forme de c\u0153ur plaqu\u00e9 argent S925 pour collier et bracelet"},"content":{"rendered":"","protected":false},"excerpt":{"rendered":"<p>Ce pendentif disque c\u0153ur plaqu\u00e9 argent S925 pr\u00e9sente une surface textur\u00e9e et un charmant motif en forme de c\u0153ur, apportant une touche d&#039;\u00e9l\u00e9gance et d&#039;originalit\u00e9. Parfait pour les colliers et les bracelets, il compl\u00e8te les bijoux romantiques et minimalistes.<\/p>","protected":false},"featured_media":20317,"comment_status":"open","ping_status":"closed","template":"","meta":[],"product_brand":[],"product_cat":[116],"product_tag":[],"class_list":{"0":"post-20322","1":"product","2":"type-product","3":"status-publish","4":"has-post-thumbnail","6":"product_cat-bracelet-charms-wholesale","8":"first","9":"instock","10":"taxable","11":"shipping-taxable","12":"purchasable","13":"product-type-simple"},"tiered_pricing_type":"fixed","tiered_pricing_fixed_rules":[],"tiered_pricing_product_settings":{"layout":"default","base_unit_name":{"singular":null,"plural":null},"default_variation":null},"tiered_pricing_minimum_quantity":null,"tiered_pricing_roles_data":[],"tiered_pricing_percentage_rules":[],"tiered_pricing_maximum_quantity":null,"tiered_pricing_quantity_step":null,"_links":{"self":[{"href":"https:\/\/gretapearls.com\/fr\/wp-json\/wp\/v2\/product\/20322","targetHints":{"allow":["GET"]}}],"collection":[{"href":"https:\/\/gretapearls.com\/fr\/wp-json\/wp\/v2\/product"}],"about":[{"href":"https:\/\/gretapearls.com\/fr\/wp-json\/wp\/v2\/types\/product"}],"replies":[{"embeddable":true,"href":"https:\/\/gretapearls.com\/fr\/wp-json\/wp\/v2\/comments?post=20322"}],"wp:featuredmedia":[{"embeddable":true,"href":"https:\/\/gretapearls.com\/fr\/wp-json\/wp\/v2\/media\/20317"}],"wp:attachment":[{"href":"https:\/\/gretapearls.com\/fr\/wp-json\/wp\/v2\/media?parent=20322"}],"wp:term":[{"taxonomy":"product_brand","embeddable":true,"href":"https:\/\/gretapearls.com\/fr\/wp-json\/wp\/v2\/product_brand?post=20322"},{"taxonomy":"product_cat","embeddable":true,"href":"https:\/\/gretapearls.com\/fr\/wp-json\/wp\/v2\/product_cat?post=20322"},{"taxonomy":"product_tag","embeddable":true,"href":"https:\/\/gretapearls.com\/fr\/wp-json\/wp\/v2\/product_tag?post=20322"}],"curies":[{"name":"wp","href":"https:\/\/api.w.org\/{rel}","templated":true}]}}