{"id":20289,"date":"2024-12-30T12:20:18","date_gmt":"2024-12-30T16:20:18","guid":{"rendered":"https:\/\/gretapearls.com\/?post_type=product&#038;p=20289"},"modified":"2026-02-07T13:27:22","modified_gmt":"2026-02-07T18:27:22","slug":"fermoir-de-collier-en-argent-s925-pour-pendentif-et-bracelet","status":"publish","type":"product","link":"https:\/\/gretapearls.com\/fr\/shop\/s925-silver-necklace-clasp-connector-for-pendant-and-bracelet\/","title":{"rendered":"Connecteur de fermoir de collier en argent S925 pour pendentif et bracelet"},"content":{"rendered":"","protected":false},"excerpt":{"rendered":"<p>Ce fermoir connecteur en argent S925 pr\u00e9sente un design \u00e9l\u00e9gant et poli. Disponible en finitions or, argent et or rose, il assure une fixation s\u00fbre et \u00e9l\u00e9gante. Id\u00e9al pour sublimer colliers, pendentifs et bracelets, il s&#039;harmonise parfaitement avec une grande vari\u00e9t\u00e9 de bijoux, des plus d\u00e9licats aux pi\u00e8ces d&#039;exception.<\/p>","protected":false},"featured_media":20285,"comment_status":"open","ping_status":"closed","template":"","meta":[],"product_brand":[],"product_cat":[114],"product_tag":[],"class_list":{"0":"post-20289","1":"product","2":"type-product","3":"status-publish","4":"has-post-thumbnail","6":"product_cat-wholesale-jewelry-clasps","8":"first","9":"instock","10":"taxable","11":"shipping-taxable","12":"purchasable","13":"product-type-variable"},"tiered_pricing_type":"fixed","tiered_pricing_fixed_rules":[],"tiered_pricing_product_settings":{"layout":"default","base_unit_name":{"singular":null,"plural":null},"default_variation":null},"tiered_pricing_minimum_quantity":null,"tiered_pricing_roles_data":[],"tiered_pricing_percentage_rules":[],"tiered_pricing_maximum_quantity":null,"tiered_pricing_quantity_step":null,"_links":{"self":[{"href":"https:\/\/gretapearls.com\/fr\/wp-json\/wp\/v2\/product\/20289","targetHints":{"allow":["GET"]}}],"collection":[{"href":"https:\/\/gretapearls.com\/fr\/wp-json\/wp\/v2\/product"}],"about":[{"href":"https:\/\/gretapearls.com\/fr\/wp-json\/wp\/v2\/types\/product"}],"replies":[{"embeddable":true,"href":"https:\/\/gretapearls.com\/fr\/wp-json\/wp\/v2\/comments?post=20289"}],"wp:featuredmedia":[{"embeddable":true,"href":"https:\/\/gretapearls.com\/fr\/wp-json\/wp\/v2\/media\/20285"}],"wp:attachment":[{"href":"https:\/\/gretapearls.com\/fr\/wp-json\/wp\/v2\/media?parent=20289"}],"wp:term":[{"taxonomy":"product_brand","embeddable":true,"href":"https:\/\/gretapearls.com\/fr\/wp-json\/wp\/v2\/product_brand?post=20289"},{"taxonomy":"product_cat","embeddable":true,"href":"https:\/\/gretapearls.com\/fr\/wp-json\/wp\/v2\/product_cat?post=20289"},{"taxonomy":"product_tag","embeddable":true,"href":"https:\/\/gretapearls.com\/fr\/wp-json\/wp\/v2\/product_tag?post=20289"}],"curies":[{"name":"wp","href":"https:\/\/api.w.org\/{rel}","templated":true}]}}