{"id":20241,"date":"2024-12-30T12:16:31","date_gmt":"2024-12-30T16:16:31","guid":{"rendered":"https:\/\/gretapearls.com\/?post_type=product&#038;p=20241"},"modified":"2026-02-07T13:27:22","modified_gmt":"2026-02-07T18:27:22","slug":"pendentif-etoile-et-lune-en-argent-s925-pour-bracelet-et-collier","status":"publish","type":"product","link":"https:\/\/gretapearls.com\/fr\/shop\/s925-silver-star-and-moon-pendant-for-bracelet-and-necklace\/","title":{"rendered":"Pendentif \u00e9toile et lune en argent S925 pour bracelet et collier"},"content":{"rendered":"","protected":false},"excerpt":{"rendered":"<p>Ce pendentif en argent S925 arbore un d\u00e9licat croissant de lune orn\u00e9 d&#039;une \u00e9toile brillante. Sa finition polie lui conf\u00e8re une allure \u00e9l\u00e9gante et intemporelle. Il sublimera bracelets et colliers \u00e0 breloques et compl\u00e9tera divers styles de bijoux, des plus minimalistes aux collections \u00e0 th\u00e8me c\u00e9leste.<\/p>","protected":false},"featured_media":20236,"comment_status":"open","ping_status":"closed","template":"","meta":[],"product_brand":[],"product_cat":[116],"product_tag":[],"class_list":{"0":"post-20241","1":"product","2":"type-product","3":"status-publish","4":"has-post-thumbnail","6":"product_cat-bracelet-charms-wholesale","8":"first","9":"instock","10":"taxable","11":"shipping-taxable","12":"purchasable","13":"product-type-variable"},"tiered_pricing_type":"fixed","tiered_pricing_fixed_rules":[],"tiered_pricing_product_settings":{"layout":"default","base_unit_name":{"singular":null,"plural":null},"default_variation":null},"tiered_pricing_minimum_quantity":null,"tiered_pricing_roles_data":[],"tiered_pricing_percentage_rules":[],"tiered_pricing_maximum_quantity":null,"tiered_pricing_quantity_step":null,"_links":{"self":[{"href":"https:\/\/gretapearls.com\/fr\/wp-json\/wp\/v2\/product\/20241","targetHints":{"allow":["GET"]}}],"collection":[{"href":"https:\/\/gretapearls.com\/fr\/wp-json\/wp\/v2\/product"}],"about":[{"href":"https:\/\/gretapearls.com\/fr\/wp-json\/wp\/v2\/types\/product"}],"replies":[{"embeddable":true,"href":"https:\/\/gretapearls.com\/fr\/wp-json\/wp\/v2\/comments?post=20241"}],"wp:featuredmedia":[{"embeddable":true,"href":"https:\/\/gretapearls.com\/fr\/wp-json\/wp\/v2\/media\/20236"}],"wp:attachment":[{"href":"https:\/\/gretapearls.com\/fr\/wp-json\/wp\/v2\/media?parent=20241"}],"wp:term":[{"taxonomy":"product_brand","embeddable":true,"href":"https:\/\/gretapearls.com\/fr\/wp-json\/wp\/v2\/product_brand?post=20241"},{"taxonomy":"product_cat","embeddable":true,"href":"https:\/\/gretapearls.com\/fr\/wp-json\/wp\/v2\/product_cat?post=20241"},{"taxonomy":"product_tag","embeddable":true,"href":"https:\/\/gretapearls.com\/fr\/wp-json\/wp\/v2\/product_tag?post=20241"}],"curies":[{"name":"wp","href":"https:\/\/api.w.org\/{rel}","templated":true}]}}