{"id":20165,"date":"2024-12-30T12:08:48","date_gmt":"2024-12-30T16:08:48","guid":{"rendered":"https:\/\/gretapearls.com\/?post_type=product&#038;p=20165"},"modified":"2026-02-07T13:27:15","modified_gmt":"2026-02-07T18:27:15","slug":"pendentif-flocon-de-neige-de-noel-en-argent-s925-pour-bijoux","status":"publish","type":"product","link":"https:\/\/gretapearls.com\/fr\/shop\/s925-silver-christmas-snowflake-pendant-for-jewelry\/","title":{"rendered":"Pendentif flocon de neige de No\u00ebl en argent S925 pour bijoux"},"content":{"rendered":"","protected":false},"excerpt":{"rendered":"<p>Ces pendentifs flocon de neige en argent S925 arborent un motif d\u00e9licat et festif, offrant un charme lumineux et \u00e9l\u00e9gant avec une finition polie. Parfaits pour cr\u00e9er des bracelets, colliers, boucles d&#039;oreilles ou bracelets de cheville sur le th\u00e8me de No\u00ebl, ils ajoutent une touche d&#039;\u00e9clat saisonnier \u00e0 divers styles de bijoux.<\/p>","protected":false},"featured_media":20160,"comment_status":"open","ping_status":"closed","template":"","meta":[],"product_brand":[],"product_cat":[116],"product_tag":[],"class_list":{"0":"post-20165","1":"product","2":"type-product","3":"status-publish","4":"has-post-thumbnail","6":"product_cat-bracelet-charms-wholesale","8":"first","9":"instock","10":"taxable","11":"shipping-taxable","12":"purchasable","13":"product-type-simple"},"tiered_pricing_type":"fixed","tiered_pricing_fixed_rules":[],"tiered_pricing_product_settings":{"layout":"default","base_unit_name":{"singular":null,"plural":null},"default_variation":null},"tiered_pricing_minimum_quantity":null,"tiered_pricing_roles_data":[],"tiered_pricing_percentage_rules":[],"tiered_pricing_maximum_quantity":null,"tiered_pricing_quantity_step":null,"_links":{"self":[{"href":"https:\/\/gretapearls.com\/fr\/wp-json\/wp\/v2\/product\/20165","targetHints":{"allow":["GET"]}}],"collection":[{"href":"https:\/\/gretapearls.com\/fr\/wp-json\/wp\/v2\/product"}],"about":[{"href":"https:\/\/gretapearls.com\/fr\/wp-json\/wp\/v2\/types\/product"}],"replies":[{"embeddable":true,"href":"https:\/\/gretapearls.com\/fr\/wp-json\/wp\/v2\/comments?post=20165"}],"wp:featuredmedia":[{"embeddable":true,"href":"https:\/\/gretapearls.com\/fr\/wp-json\/wp\/v2\/media\/20160"}],"wp:attachment":[{"href":"https:\/\/gretapearls.com\/fr\/wp-json\/wp\/v2\/media?parent=20165"}],"wp:term":[{"taxonomy":"product_brand","embeddable":true,"href":"https:\/\/gretapearls.com\/fr\/wp-json\/wp\/v2\/product_brand?post=20165"},{"taxonomy":"product_cat","embeddable":true,"href":"https:\/\/gretapearls.com\/fr\/wp-json\/wp\/v2\/product_cat?post=20165"},{"taxonomy":"product_tag","embeddable":true,"href":"https:\/\/gretapearls.com\/fr\/wp-json\/wp\/v2\/product_tag?post=20165"}],"curies":[{"name":"wp","href":"https:\/\/api.w.org\/{rel}","templated":true}]}}