{"id":18124,"date":"2024-09-26T12:21:34","date_gmt":"2024-09-26T16:21:34","guid":{"rendered":"https:\/\/gretapearls.com\/?post_type=product&#038;p=18124"},"modified":"2026-02-07T13:27:16","modified_gmt":"2026-02-07T18:27:16","slug":"fermoir-papillon-en-argent-s925-et-zircon-pour-collier-baroque","status":"publish","type":"product","link":"https:\/\/gretapearls.com\/fr\/shop\/s925-silver-zircon-bowknot-clasp-for-baroque-necklace\/","title":{"rendered":"Fermoir papillon en argent S925 et zircon pour collier baroque"},"content":{"rendered":"","protected":false},"excerpt":{"rendered":"<p>Le fermoir n\u0153ud en argent S925 et zircon pr\u00e9sente un d\u00e9licat n\u0153ud orn\u00e9 de d\u00e9tails en zircon scintillants. Disponible en argent et en or pour une touche d&#039;\u00e9l\u00e9gance, il est id\u00e9al pour sublimer les colliers baroques et s&#039;harmonise parfaitement avec les bijoux vintage, classiques et modernes.<\/p>","protected":false},"featured_media":18120,"comment_status":"open","ping_status":"closed","template":"","meta":[],"product_brand":[],"product_cat":[114],"product_tag":[],"class_list":{"0":"post-18124","1":"product","2":"type-product","3":"status-publish","4":"has-post-thumbnail","6":"product_cat-wholesale-jewelry-clasps","8":"first","9":"instock","10":"taxable","11":"shipping-taxable","12":"purchasable","13":"product-type-variable"},"tiered_pricing_type":"fixed","tiered_pricing_fixed_rules":[],"tiered_pricing_product_settings":{"layout":"default","base_unit_name":{"singular":null,"plural":null},"default_variation":null},"tiered_pricing_minimum_quantity":null,"tiered_pricing_roles_data":[],"tiered_pricing_percentage_rules":[],"tiered_pricing_maximum_quantity":null,"tiered_pricing_quantity_step":null,"_links":{"self":[{"href":"https:\/\/gretapearls.com\/fr\/wp-json\/wp\/v2\/product\/18124","targetHints":{"allow":["GET"]}}],"collection":[{"href":"https:\/\/gretapearls.com\/fr\/wp-json\/wp\/v2\/product"}],"about":[{"href":"https:\/\/gretapearls.com\/fr\/wp-json\/wp\/v2\/types\/product"}],"replies":[{"embeddable":true,"href":"https:\/\/gretapearls.com\/fr\/wp-json\/wp\/v2\/comments?post=18124"}],"wp:featuredmedia":[{"embeddable":true,"href":"https:\/\/gretapearls.com\/fr\/wp-json\/wp\/v2\/media\/18120"}],"wp:attachment":[{"href":"https:\/\/gretapearls.com\/fr\/wp-json\/wp\/v2\/media?parent=18124"}],"wp:term":[{"taxonomy":"product_brand","embeddable":true,"href":"https:\/\/gretapearls.com\/fr\/wp-json\/wp\/v2\/product_brand?post=18124"},{"taxonomy":"product_cat","embeddable":true,"href":"https:\/\/gretapearls.com\/fr\/wp-json\/wp\/v2\/product_cat?post=18124"},{"taxonomy":"product_tag","embeddable":true,"href":"https:\/\/gretapearls.com\/fr\/wp-json\/wp\/v2\/product_tag?post=18124"}],"curies":[{"name":"wp","href":"https:\/\/api.w.org\/{rel}","templated":true}]}}