{"id":18107,"date":"2024-09-26T12:15:49","date_gmt":"2024-09-26T16:15:49","guid":{"rendered":"https:\/\/gretapearls.com\/?post_type=product&#038;p=18107"},"modified":"2026-02-07T13:27:16","modified_gmt":"2026-02-07T18:27:16","slug":"fermoir-en-argent-s925-martele-pour-collier-de-perles","status":"publish","type":"product","link":"https:\/\/gretapearls.com\/fr\/shop\/s925-silver-hammered-ot-clasp-for-pearl-necklace\/","title":{"rendered":"Fermoir OT martel\u00e9 en argent S925 pour collier de perles"},"content":{"rendered":"","protected":false},"excerpt":{"rendered":"<p>Ce fermoir OT en argent S925 pr\u00e9sente une texture martel\u00e9e et un design minimaliste circulaire et barre, lui conf\u00e9rant une allure intemporelle et \u00e9l\u00e9gante. Id\u00e9al pour la cr\u00e9ation de colliers de perles et autres bijoux, il offre une fermeture s\u00fbre et \u00e9l\u00e9gante, aussi bien pour les cr\u00e9ations contemporaines que classiques.<\/p>","protected":false},"featured_media":18102,"comment_status":"open","ping_status":"closed","template":"","meta":[],"product_brand":[],"product_cat":[114],"product_tag":[],"class_list":{"0":"post-18107","1":"product","2":"type-product","3":"status-publish","4":"has-post-thumbnail","6":"product_cat-wholesale-jewelry-clasps","8":"first","9":"instock","10":"taxable","11":"shipping-taxable","12":"purchasable","13":"product-type-variable"},"tiered_pricing_type":"fixed","tiered_pricing_fixed_rules":[],"tiered_pricing_product_settings":{"layout":"default","base_unit_name":{"singular":null,"plural":null},"default_variation":null},"tiered_pricing_minimum_quantity":null,"tiered_pricing_roles_data":[],"tiered_pricing_percentage_rules":[],"tiered_pricing_maximum_quantity":null,"tiered_pricing_quantity_step":null,"_links":{"self":[{"href":"https:\/\/gretapearls.com\/fr\/wp-json\/wp\/v2\/product\/18107","targetHints":{"allow":["GET"]}}],"collection":[{"href":"https:\/\/gretapearls.com\/fr\/wp-json\/wp\/v2\/product"}],"about":[{"href":"https:\/\/gretapearls.com\/fr\/wp-json\/wp\/v2\/types\/product"}],"replies":[{"embeddable":true,"href":"https:\/\/gretapearls.com\/fr\/wp-json\/wp\/v2\/comments?post=18107"}],"wp:featuredmedia":[{"embeddable":true,"href":"https:\/\/gretapearls.com\/fr\/wp-json\/wp\/v2\/media\/18102"}],"wp:attachment":[{"href":"https:\/\/gretapearls.com\/fr\/wp-json\/wp\/v2\/media?parent=18107"}],"wp:term":[{"taxonomy":"product_brand","embeddable":true,"href":"https:\/\/gretapearls.com\/fr\/wp-json\/wp\/v2\/product_brand?post=18107"},{"taxonomy":"product_cat","embeddable":true,"href":"https:\/\/gretapearls.com\/fr\/wp-json\/wp\/v2\/product_cat?post=18107"},{"taxonomy":"product_tag","embeddable":true,"href":"https:\/\/gretapearls.com\/fr\/wp-json\/wp\/v2\/product_tag?post=18107"}],"curies":[{"name":"wp","href":"https:\/\/api.w.org\/{rel}","templated":true}]}}