{"id":17707,"date":"2024-09-26T11:21:14","date_gmt":"2024-09-26T15:21:14","guid":{"rendered":"https:\/\/gretapearls.com\/?post_type=product&#038;p=17707"},"modified":"2026-02-07T13:26:59","modified_gmt":"2026-02-07T18:26:59","slug":"fermoir-de-collier-en-argent-s925-plaque-or-avec-perles-de-zircon","status":"publish","type":"product","link":"https:\/\/gretapearls.com\/fr\/shop\/s925-silver-gold-plated-zircon-pearl-necklace-clasp\/","title":{"rendered":"Fermoir de collier en argent S925 plaqu\u00e9 or avec perles de zircon"},"content":{"rendered":"","protected":false},"excerpt":{"rendered":"<p>Fabriqu\u00e9 en argent S925 avec une finition plaqu\u00e9e or, cet \u00e9l\u00e9gant fermoir arbore des d\u00e9tails en zircone scintillante et un design textur\u00e9, ajoutant une touche raffin\u00e9e \u00e0 vos bijoux. Id\u00e9al pour les colliers de perles et autres bijoux haut de gamme, ce fermoir assure une fermeture s\u00fbre et une esth\u00e9tique luxueuse.<\/p>","protected":false},"featured_media":17702,"comment_status":"open","ping_status":"closed","template":"","meta":[],"product_brand":[],"product_cat":[114],"product_tag":[],"class_list":{"0":"post-17707","1":"product","2":"type-product","3":"status-publish","4":"has-post-thumbnail","6":"product_cat-wholesale-jewelry-clasps","8":"first","9":"instock","10":"taxable","11":"shipping-taxable","12":"purchasable","13":"product-type-variable"},"tiered_pricing_type":"fixed","tiered_pricing_fixed_rules":[],"tiered_pricing_product_settings":{"layout":"default","base_unit_name":{"singular":null,"plural":null},"default_variation":null},"tiered_pricing_minimum_quantity":null,"tiered_pricing_roles_data":[],"tiered_pricing_percentage_rules":[],"tiered_pricing_maximum_quantity":null,"tiered_pricing_quantity_step":null,"_links":{"self":[{"href":"https:\/\/gretapearls.com\/fr\/wp-json\/wp\/v2\/product\/17707","targetHints":{"allow":["GET"]}}],"collection":[{"href":"https:\/\/gretapearls.com\/fr\/wp-json\/wp\/v2\/product"}],"about":[{"href":"https:\/\/gretapearls.com\/fr\/wp-json\/wp\/v2\/types\/product"}],"replies":[{"embeddable":true,"href":"https:\/\/gretapearls.com\/fr\/wp-json\/wp\/v2\/comments?post=17707"}],"wp:featuredmedia":[{"embeddable":true,"href":"https:\/\/gretapearls.com\/fr\/wp-json\/wp\/v2\/media\/17702"}],"wp:attachment":[{"href":"https:\/\/gretapearls.com\/fr\/wp-json\/wp\/v2\/media?parent=17707"}],"wp:term":[{"taxonomy":"product_brand","embeddable":true,"href":"https:\/\/gretapearls.com\/fr\/wp-json\/wp\/v2\/product_brand?post=17707"},{"taxonomy":"product_cat","embeddable":true,"href":"https:\/\/gretapearls.com\/fr\/wp-json\/wp\/v2\/product_cat?post=17707"},{"taxonomy":"product_tag","embeddable":true,"href":"https:\/\/gretapearls.com\/fr\/wp-json\/wp\/v2\/product_tag?post=17707"}],"curies":[{"name":"wp","href":"https:\/\/api.w.org\/{rel}","templated":true}]}}