{"id":17689,"date":"2024-09-26T11:20:21","date_gmt":"2024-09-26T15:20:21","guid":{"rendered":"https:\/\/gretapearls.com\/?post_type=product&#038;p=17689"},"modified":"2026-02-07T13:26:59","modified_gmt":"2026-02-07T18:26:59","slug":"fermoir-a-pression-en-forme-de-coeur-plaque-argent-s925-pour-collier-de-perles","status":"publish","type":"product","link":"https:\/\/gretapearls.com\/fr\/shop\/s925-silver-plated-heart-press-clasp-for-pearl-necklace\/","title":{"rendered":"Fermoir \u00e0 pression en forme de c\u0153ur plaqu\u00e9 argent S925 pour collier de perles"},"content":{"rendered":"","protected":false},"excerpt":{"rendered":"<p>Fabriqu\u00e9 en argent S925 plaqu\u00e9 or luxueux, ce fermoir \u00e0 pression en forme de c\u0153ur assure une fermeture s\u00fbre et \u00e9l\u00e9gante \u00e0 vos colliers de perles. Parfait pour les colliers de perles \u00e9l\u00e9gants, il apporte une touche de sophistication et de charme aux bijoux modernes comme classiques.<\/p>","protected":false},"featured_media":17684,"comment_status":"open","ping_status":"closed","template":"","meta":[],"product_brand":[],"product_cat":[114],"product_tag":[],"class_list":{"0":"post-17689","1":"product","2":"type-product","3":"status-publish","4":"has-post-thumbnail","6":"product_cat-wholesale-jewelry-clasps","8":"first","9":"instock","10":"taxable","11":"shipping-taxable","12":"purchasable","13":"product-type-variable"},"tiered_pricing_type":"fixed","tiered_pricing_fixed_rules":[],"tiered_pricing_product_settings":{"layout":"default","base_unit_name":{"singular":null,"plural":null},"default_variation":null},"tiered_pricing_minimum_quantity":null,"tiered_pricing_roles_data":[],"tiered_pricing_percentage_rules":[],"tiered_pricing_maximum_quantity":null,"tiered_pricing_quantity_step":null,"_links":{"self":[{"href":"https:\/\/gretapearls.com\/fr\/wp-json\/wp\/v2\/product\/17689","targetHints":{"allow":["GET"]}}],"collection":[{"href":"https:\/\/gretapearls.com\/fr\/wp-json\/wp\/v2\/product"}],"about":[{"href":"https:\/\/gretapearls.com\/fr\/wp-json\/wp\/v2\/types\/product"}],"replies":[{"embeddable":true,"href":"https:\/\/gretapearls.com\/fr\/wp-json\/wp\/v2\/comments?post=17689"}],"wp:featuredmedia":[{"embeddable":true,"href":"https:\/\/gretapearls.com\/fr\/wp-json\/wp\/v2\/media\/17684"}],"wp:attachment":[{"href":"https:\/\/gretapearls.com\/fr\/wp-json\/wp\/v2\/media?parent=17689"}],"wp:term":[{"taxonomy":"product_brand","embeddable":true,"href":"https:\/\/gretapearls.com\/fr\/wp-json\/wp\/v2\/product_brand?post=17689"},{"taxonomy":"product_cat","embeddable":true,"href":"https:\/\/gretapearls.com\/fr\/wp-json\/wp\/v2\/product_cat?post=17689"},{"taxonomy":"product_tag","embeddable":true,"href":"https:\/\/gretapearls.com\/fr\/wp-json\/wp\/v2\/product_tag?post=17689"}],"curies":[{"name":"wp","href":"https:\/\/api.w.org\/{rel}","templated":true}]}}