{"id":17681,"date":"2024-09-26T11:19:54","date_gmt":"2024-09-26T15:19:54","guid":{"rendered":"https:\/\/gretapearls.com\/?post_type=product&#038;p=17681"},"modified":"2026-02-07T13:26:59","modified_gmt":"2026-02-07T18:26:59","slug":"fermoir-enroule-en-fil-dargent-vintage-s925-pour-bracelets","status":"publish","type":"product","link":"https:\/\/gretapearls.com\/fr\/shop\/s925-silver-vintage-wire-wrapped-clasp-for-bracelets\/","title":{"rendered":"Fermoir enroul\u00e9 en fil m\u00e9tallique vintage en argent S925 pour bracelets"},"content":{"rendered":"","protected":false},"excerpt":{"rendered":"<p>Ce fermoir en argent S925 arbore un design vintage en fil enroul\u00e9 et des d\u00e9tails raffin\u00e9s, ajoutant une touche d&#039;\u00e9l\u00e9gance \u00e0 vos bijoux. Id\u00e9al pour cr\u00e9er ou r\u00e9parer des bracelets, il sublime les styles traditionnels et minimalistes avec une touche classique.<\/p>","protected":false},"featured_media":17676,"comment_status":"open","ping_status":"closed","template":"","meta":[],"product_brand":[],"product_cat":[114],"product_tag":[],"class_list":{"0":"post-17681","1":"product","2":"type-product","3":"status-publish","4":"has-post-thumbnail","6":"product_cat-wholesale-jewelry-clasps","8":"first","9":"instock","10":"taxable","11":"shipping-taxable","12":"purchasable","13":"product-type-variable"},"tiered_pricing_type":"fixed","tiered_pricing_fixed_rules":[],"tiered_pricing_product_settings":{"layout":"default","base_unit_name":{"singular":null,"plural":null},"default_variation":null},"tiered_pricing_minimum_quantity":null,"tiered_pricing_roles_data":[],"tiered_pricing_percentage_rules":[],"tiered_pricing_maximum_quantity":null,"tiered_pricing_quantity_step":null,"_links":{"self":[{"href":"https:\/\/gretapearls.com\/fr\/wp-json\/wp\/v2\/product\/17681","targetHints":{"allow":["GET"]}}],"collection":[{"href":"https:\/\/gretapearls.com\/fr\/wp-json\/wp\/v2\/product"}],"about":[{"href":"https:\/\/gretapearls.com\/fr\/wp-json\/wp\/v2\/types\/product"}],"replies":[{"embeddable":true,"href":"https:\/\/gretapearls.com\/fr\/wp-json\/wp\/v2\/comments?post=17681"}],"wp:featuredmedia":[{"embeddable":true,"href":"https:\/\/gretapearls.com\/fr\/wp-json\/wp\/v2\/media\/17676"}],"wp:attachment":[{"href":"https:\/\/gretapearls.com\/fr\/wp-json\/wp\/v2\/media?parent=17681"}],"wp:term":[{"taxonomy":"product_brand","embeddable":true,"href":"https:\/\/gretapearls.com\/fr\/wp-json\/wp\/v2\/product_brand?post=17681"},{"taxonomy":"product_cat","embeddable":true,"href":"https:\/\/gretapearls.com\/fr\/wp-json\/wp\/v2\/product_cat?post=17681"},{"taxonomy":"product_tag","embeddable":true,"href":"https:\/\/gretapearls.com\/fr\/wp-json\/wp\/v2\/product_tag?post=17681"}],"curies":[{"name":"wp","href":"https:\/\/api.w.org\/{rel}","templated":true}]}}