{"id":17633,"date":"2024-09-26T11:16:35","date_gmt":"2024-09-26T15:16:35","guid":{"rendered":"https:\/\/gretapearls.com\/?post_type=product&#038;p=17633"},"modified":"2026-04-22T04:48:04","modified_gmt":"2026-04-22T08:48:04","slug":"fermoir-magnetique-en-argent-s925-plaque-or-avec-chaine","status":"publish","type":"product","link":"https:\/\/gretapearls.com\/fr\/shop\/s925-silver-gold-plated-magnetic-clasp-with-chain\/","title":{"rendered":"Fermoir magn\u00e9tique en argent S925 plaqu\u00e9 or avec cha\u00eene"},"content":{"rendered":"","protected":false},"excerpt":{"rendered":"<p>Ce fermoir magn\u00e9tique en argent S925 plaqu\u00e9 or pr\u00e9sente un design cylindrique \u00e9l\u00e9gant, compl\u00e9t\u00e9 par une \u00e9l\u00e9gante cha\u00eene pour plus de s\u00e9curit\u00e9 et de style. Id\u00e9al pour les colliers et les bracelets, il allie praticit\u00e9 et sophistication, s&#039;int\u00e9grant parfaitement aux bijoux modernes et classiques.<\/p>","protected":false},"featured_media":17628,"comment_status":"open","ping_status":"closed","template":"","meta":[],"product_brand":[],"product_cat":[114],"product_tag":[],"class_list":{"0":"post-17633","1":"product","2":"type-product","3":"status-publish","4":"has-post-thumbnail","6":"product_cat-wholesale-jewelry-clasps","8":"first","9":"instock","10":"taxable","11":"shipping-taxable","12":"purchasable","13":"product-type-variable"},"tiered_pricing_type":"fixed","tiered_pricing_fixed_rules":[],"tiered_pricing_product_settings":{"layout":"default","base_unit_name":{"singular":null,"plural":null},"default_variation":null},"tiered_pricing_minimum_quantity":null,"tiered_pricing_roles_data":[],"tiered_pricing_percentage_rules":[],"tiered_pricing_maximum_quantity":null,"tiered_pricing_quantity_step":null,"_links":{"self":[{"href":"https:\/\/gretapearls.com\/fr\/wp-json\/wp\/v2\/product\/17633","targetHints":{"allow":["GET"]}}],"collection":[{"href":"https:\/\/gretapearls.com\/fr\/wp-json\/wp\/v2\/product"}],"about":[{"href":"https:\/\/gretapearls.com\/fr\/wp-json\/wp\/v2\/types\/product"}],"replies":[{"embeddable":true,"href":"https:\/\/gretapearls.com\/fr\/wp-json\/wp\/v2\/comments?post=17633"}],"wp:featuredmedia":[{"embeddable":true,"href":"https:\/\/gretapearls.com\/fr\/wp-json\/wp\/v2\/media\/17628"}],"wp:attachment":[{"href":"https:\/\/gretapearls.com\/fr\/wp-json\/wp\/v2\/media?parent=17633"}],"wp:term":[{"taxonomy":"product_brand","embeddable":true,"href":"https:\/\/gretapearls.com\/fr\/wp-json\/wp\/v2\/product_brand?post=17633"},{"taxonomy":"product_cat","embeddable":true,"href":"https:\/\/gretapearls.com\/fr\/wp-json\/wp\/v2\/product_cat?post=17633"},{"taxonomy":"product_tag","embeddable":true,"href":"https:\/\/gretapearls.com\/fr\/wp-json\/wp\/v2\/product_tag?post=17633"}],"curies":[{"name":"wp","href":"https:\/\/api.w.org\/{rel}","templated":true}]}}