{"id":17608,"date":"2024-09-26T11:15:16","date_gmt":"2024-09-26T15:15:16","guid":{"rendered":"https:\/\/gretapearls.com\/?post_type=product&#038;p=17608"},"modified":"2026-04-22T04:44:45","modified_gmt":"2026-04-22T08:44:45","slug":"fermoir-magnetique-laser-en-argent-s925-pour-colliers","status":"publish","type":"product","link":"https:\/\/gretapearls.com\/fr\/shop\/s925-silver-laser-magnetic-clasp-for-necklaces\/","title":{"rendered":"Fermoir magn\u00e9tique laser en argent S925 pour colliers"},"content":{"rendered":"","protected":false},"excerpt":{"rendered":"<p>Ce fermoir magn\u00e9tique en argent S925 grav\u00e9 au laser pr\u00e9sente un design sph\u00e9rique textur\u00e9, alliant \u00e9l\u00e9gance et fonctionnalit\u00e9 pour une fermeture facile et s\u00e9curis\u00e9e. Id\u00e9al pour les colliers \u00e0 cha\u00eene fine ou d\u00e9licate, il s&#039;accorde avec les styles de bijoux modernes, minimalistes et classiques.<\/p>","protected":false},"featured_media":17603,"comment_status":"open","ping_status":"closed","template":"","meta":[],"product_brand":[],"product_cat":[114],"product_tag":[],"class_list":{"0":"post-17608","1":"product","2":"type-product","3":"status-publish","4":"has-post-thumbnail","6":"product_cat-wholesale-jewelry-clasps","8":"first","9":"instock","10":"taxable","11":"shipping-taxable","12":"purchasable","13":"product-type-variable"},"tiered_pricing_type":"fixed","tiered_pricing_fixed_rules":[],"tiered_pricing_product_settings":{"layout":"default","base_unit_name":{"singular":null,"plural":null},"default_variation":null},"tiered_pricing_minimum_quantity":null,"tiered_pricing_roles_data":[],"tiered_pricing_percentage_rules":[],"tiered_pricing_maximum_quantity":null,"tiered_pricing_quantity_step":null,"_links":{"self":[{"href":"https:\/\/gretapearls.com\/fr\/wp-json\/wp\/v2\/product\/17608","targetHints":{"allow":["GET"]}}],"collection":[{"href":"https:\/\/gretapearls.com\/fr\/wp-json\/wp\/v2\/product"}],"about":[{"href":"https:\/\/gretapearls.com\/fr\/wp-json\/wp\/v2\/types\/product"}],"replies":[{"embeddable":true,"href":"https:\/\/gretapearls.com\/fr\/wp-json\/wp\/v2\/comments?post=17608"}],"wp:featuredmedia":[{"embeddable":true,"href":"https:\/\/gretapearls.com\/fr\/wp-json\/wp\/v2\/media\/17603"}],"wp:attachment":[{"href":"https:\/\/gretapearls.com\/fr\/wp-json\/wp\/v2\/media?parent=17608"}],"wp:term":[{"taxonomy":"product_brand","embeddable":true,"href":"https:\/\/gretapearls.com\/fr\/wp-json\/wp\/v2\/product_brand?post=17608"},{"taxonomy":"product_cat","embeddable":true,"href":"https:\/\/gretapearls.com\/fr\/wp-json\/wp\/v2\/product_cat?post=17608"},{"taxonomy":"product_tag","embeddable":true,"href":"https:\/\/gretapearls.com\/fr\/wp-json\/wp\/v2\/product_tag?post=17608"}],"curies":[{"name":"wp","href":"https:\/\/api.w.org\/{rel}","templated":true}]}}