{"id":17021,"date":"2024-09-24T06:03:15","date_gmt":"2024-09-24T10:03:15","guid":{"rendered":"https:\/\/gretapearls.com\/?post_type=product&#038;p=17021"},"modified":"2026-02-07T13:39:23","modified_gmt":"2026-02-07T18:39:23","slug":"collier-de-perles-asymetrique-avec-accent-de-chaine-en-or","status":"publish","type":"product","link":"https:\/\/gretapearls.com\/fr\/shop\/asymmetrical-pearl-necklace-with-gold-chain-accent\/","title":{"rendered":"Collier de perles asym\u00e9trique avec cha\u00eene en or"},"content":{"rendered":"","protected":false},"excerpt":{"rendered":"<p>Ce collier associe un rang de perles \u00e0 une cha\u00eene en or audacieuse pour un \u00e9l\u00e9gant design asym\u00e9trique. La perle pendante apporte une touche d&#039;originalit\u00e9, alliant sophistication classique et style contemporain, id\u00e9al pour les collections de bijoux modernes.<\/p>","protected":false},"featured_media":17016,"comment_status":"open","ping_status":"closed","template":"","meta":[],"product_brand":[],"product_cat":[98,99,101],"product_tag":[],"class_list":{"0":"post-17021","1":"product","2":"type-product","3":"status-publish","4":"has-post-thumbnail","6":"product_cat-wholesale-pearl-necklace","7":"product_cat-wholesale-chain-necklaces","8":"product_cat-wholesale-pearl-pendant-necklace","10":"first","11":"instock","12":"taxable","13":"shipping-taxable","14":"purchasable","15":"product-type-simple"},"tiered_pricing_type":"fixed","tiered_pricing_fixed_rules":[],"tiered_pricing_product_settings":{"layout":"default","base_unit_name":{"singular":null,"plural":null},"default_variation":null},"tiered_pricing_minimum_quantity":null,"tiered_pricing_roles_data":[],"tiered_pricing_percentage_rules":[],"tiered_pricing_maximum_quantity":null,"tiered_pricing_quantity_step":null,"_links":{"self":[{"href":"https:\/\/gretapearls.com\/fr\/wp-json\/wp\/v2\/product\/17021","targetHints":{"allow":["GET"]}}],"collection":[{"href":"https:\/\/gretapearls.com\/fr\/wp-json\/wp\/v2\/product"}],"about":[{"href":"https:\/\/gretapearls.com\/fr\/wp-json\/wp\/v2\/types\/product"}],"replies":[{"embeddable":true,"href":"https:\/\/gretapearls.com\/fr\/wp-json\/wp\/v2\/comments?post=17021"}],"wp:featuredmedia":[{"embeddable":true,"href":"https:\/\/gretapearls.com\/fr\/wp-json\/wp\/v2\/media\/17016"}],"wp:attachment":[{"href":"https:\/\/gretapearls.com\/fr\/wp-json\/wp\/v2\/media?parent=17021"}],"wp:term":[{"taxonomy":"product_brand","embeddable":true,"href":"https:\/\/gretapearls.com\/fr\/wp-json\/wp\/v2\/product_brand?post=17021"},{"taxonomy":"product_cat","embeddable":true,"href":"https:\/\/gretapearls.com\/fr\/wp-json\/wp\/v2\/product_cat?post=17021"},{"taxonomy":"product_tag","embeddable":true,"href":"https:\/\/gretapearls.com\/fr\/wp-json\/wp\/v2\/product_tag?post=17021"}],"curies":[{"name":"wp","href":"https:\/\/api.w.org\/{rel}","templated":true}]}}