{"id":16955,"date":"2024-09-24T05:53:53","date_gmt":"2024-09-24T09:53:53","guid":{"rendered":"https:\/\/gretapearls.com\/?post_type=product&#038;p=16955"},"modified":"2026-02-07T13:39:22","modified_gmt":"2026-02-07T18:39:22","slug":"boucles-doreilles-en-or-et-perles-de-raisin-avec-motif-en-grappes","status":"publish","type":"product","link":"https:\/\/gretapearls.com\/fr\/shop\/gold-pearl-grape-earrings-with-clustered-design\/","title":{"rendered":"Boucles d&#039;oreilles en or et perles de raisin avec motif en grappes"},"content":{"rendered":"","protected":false},"excerpt":{"rendered":"<p>Ces boucles d&#039;oreilles sont orn\u00e9es de perles d&#039;eau douce dispos\u00e9es en grappes, imitant gracieusement une grappe de raisin, suspendues \u00e0 un anneau en or. Leur design volumineux et accrocheur allie \u00e9l\u00e9gance naturelle et charme ludique, ce qui en fait un excellent ajout \u00e0 toute collection.<\/p>","protected":false},"featured_media":16950,"comment_status":"open","ping_status":"closed","template":"","meta":[],"product_brand":[],"product_cat":[93,94],"product_tag":[],"class_list":{"0":"post-16955","1":"product","2":"type-product","3":"status-publish","4":"has-post-thumbnail","6":"product_cat-wholesale-pearl-earrings","7":"product_cat-wholesale-pearl-drop-earrings","9":"first","10":"instock","11":"taxable","12":"shipping-taxable","13":"purchasable","14":"product-type-simple"},"tiered_pricing_type":"fixed","tiered_pricing_fixed_rules":[],"tiered_pricing_product_settings":{"layout":"default","base_unit_name":{"singular":null,"plural":null},"default_variation":null},"tiered_pricing_minimum_quantity":null,"tiered_pricing_roles_data":[],"tiered_pricing_percentage_rules":[],"tiered_pricing_maximum_quantity":null,"tiered_pricing_quantity_step":null,"_links":{"self":[{"href":"https:\/\/gretapearls.com\/fr\/wp-json\/wp\/v2\/product\/16955","targetHints":{"allow":["GET"]}}],"collection":[{"href":"https:\/\/gretapearls.com\/fr\/wp-json\/wp\/v2\/product"}],"about":[{"href":"https:\/\/gretapearls.com\/fr\/wp-json\/wp\/v2\/types\/product"}],"replies":[{"embeddable":true,"href":"https:\/\/gretapearls.com\/fr\/wp-json\/wp\/v2\/comments?post=16955"}],"wp:featuredmedia":[{"embeddable":true,"href":"https:\/\/gretapearls.com\/fr\/wp-json\/wp\/v2\/media\/16950"}],"wp:attachment":[{"href":"https:\/\/gretapearls.com\/fr\/wp-json\/wp\/v2\/media?parent=16955"}],"wp:term":[{"taxonomy":"product_brand","embeddable":true,"href":"https:\/\/gretapearls.com\/fr\/wp-json\/wp\/v2\/product_brand?post=16955"},{"taxonomy":"product_cat","embeddable":true,"href":"https:\/\/gretapearls.com\/fr\/wp-json\/wp\/v2\/product_cat?post=16955"},{"taxonomy":"product_tag","embeddable":true,"href":"https:\/\/gretapearls.com\/fr\/wp-json\/wp\/v2\/product_tag?post=16955"}],"curies":[{"name":"wp","href":"https:\/\/api.w.org\/{rel}","templated":true}]}}