{"id":16650,"date":"2024-09-21T02:16:50","date_gmt":"2024-09-21T06:16:50","guid":{"rendered":"https:\/\/gretapearls.com\/?post_type=product&#038;p=16650"},"modified":"2026-05-17T00:15:25","modified_gmt":"2026-05-17T04:15:25","slug":"10-perles-de-culture-deau-douce-baroques-geantes-de-12-mm","status":"publish","type":"product","link":"https:\/\/gretapearls.com\/fr\/shop\/10-12mm-giant-baroque-freshwater-cultured-pearls\/","title":{"rendered":"Perles de culture d&#039;eau douce baroques g\u00e9antes de 10 \u00e0 12 mm"},"content":{"rendered":"","protected":false},"excerpt":{"rendered":"<p>Grosses perles d&#039;eau douce baroques en forme de goutte, mesurant environ 12 x 25 mm et 10 x 15 mm. Le rang mesure environ 40 cm de long et pr\u00e9sente une forme irr\u00e9guli\u00e8re, avec des tailles longues et courtes. La surface est lisse et pr\u00e9sente tr\u00e8s peu d&#039;imperfections. Les perles pr\u00e9sentent un brillant intense aux reflets arc-en-ciel.<\/p>","protected":false},"featured_media":16645,"comment_status":"open","ping_status":"closed","template":"","meta":[],"product_brand":[],"product_cat":[56],"product_tag":[91,84,85],"class_list":{"0":"post-16650","1":"product","2":"type-product","3":"status-publish","4":"has-post-thumbnail","6":"product_cat-baroque-pearls-wholesale","7":"product_tag-full-drilled-pearls","8":"product_tag-giant-pearls-whoelsale","9":"product_tag-bulk-string-pearls","10":"pa_color-white-pearls","11":"pa_shape-freeform-pearls","12":"pa_shape-teardrop-pearls","14":"first","15":"instock","16":"taxable","17":"shipping-taxable","18":"purchasable","19":"product-type-variable"},"tiered_pricing_type":"fixed","tiered_pricing_fixed_rules":[],"tiered_pricing_product_settings":{"layout":"default","base_unit_name":{"singular":null,"plural":null},"default_variation":null},"tiered_pricing_minimum_quantity":null,"tiered_pricing_roles_data":[],"tiered_pricing_percentage_rules":[],"tiered_pricing_maximum_quantity":null,"tiered_pricing_quantity_step":null,"_links":{"self":[{"href":"https:\/\/gretapearls.com\/fr\/wp-json\/wp\/v2\/product\/16650","targetHints":{"allow":["GET"]}}],"collection":[{"href":"https:\/\/gretapearls.com\/fr\/wp-json\/wp\/v2\/product"}],"about":[{"href":"https:\/\/gretapearls.com\/fr\/wp-json\/wp\/v2\/types\/product"}],"replies":[{"embeddable":true,"href":"https:\/\/gretapearls.com\/fr\/wp-json\/wp\/v2\/comments?post=16650"}],"wp:featuredmedia":[{"embeddable":true,"href":"https:\/\/gretapearls.com\/fr\/wp-json\/wp\/v2\/media\/16645"}],"wp:attachment":[{"href":"https:\/\/gretapearls.com\/fr\/wp-json\/wp\/v2\/media?parent=16650"}],"wp:term":[{"taxonomy":"product_brand","embeddable":true,"href":"https:\/\/gretapearls.com\/fr\/wp-json\/wp\/v2\/product_brand?post=16650"},{"taxonomy":"product_cat","embeddable":true,"href":"https:\/\/gretapearls.com\/fr\/wp-json\/wp\/v2\/product_cat?post=16650"},{"taxonomy":"product_tag","embeddable":true,"href":"https:\/\/gretapearls.com\/fr\/wp-json\/wp\/v2\/product_tag?post=16650"}],"curies":[{"name":"wp","href":"https:\/\/api.w.org\/{rel}","templated":true}]}}