{"id":14646,"date":"2024-09-01T05:27:01","date_gmt":"2024-09-01T05:27:01","guid":{"rendered":"https:\/\/gretapearls.com\/?post_type=product&#038;p=14646"},"modified":"2026-02-07T13:39:20","modified_gmt":"2026-02-07T18:39:20","slug":"bracelet-en-perles-de-pieces-de-monnaie-avec-des-accents-dores","status":"publish","type":"product","link":"https:\/\/gretapearls.com\/fr\/shop\/coin-pearl-bracelet-with-gold-accents\/","title":{"rendered":"Bracelet en perles et pi\u00e8ces de monnaie avec accents dor\u00e9s"},"content":{"rendered":"","protected":false},"excerpt":{"rendered":"<p>Ce bracelet unique met en valeur une perle baroque centrale en forme de pi\u00e8ce de monnaie aux reflets dor\u00e9s scintillants, entour\u00e9e de perles d&#039;eau douce plus petites et de perles d&#039;or. Son design accrocheur est id\u00e9al pour les d\u00e9taillants en qu\u00eate d&#039;accessoires sophistiqu\u00e9s qui ajoutent de l&#039;\u00e9l\u00e9gance \u00e0 leurs tenues de soir\u00e9e comme de tous les jours.<\/p>","protected":false},"featured_media":14641,"comment_status":"open","ping_status":"closed","template":"","meta":[],"product_brand":[],"product_cat":[104,103],"product_tag":[],"class_list":{"0":"post-14646","1":"product","2":"type-product","3":"status-publish","4":"has-post-thumbnail","6":"product_cat-wholesale-pearl-beaded-bracelet","7":"product_cat-bulk-pearl-bracelets","9":"first","10":"instock","11":"taxable","12":"shipping-taxable","13":"purchasable","14":"product-type-simple"},"tiered_pricing_type":"fixed","tiered_pricing_fixed_rules":[],"tiered_pricing_product_settings":{"layout":"default","base_unit_name":{"singular":null,"plural":null},"default_variation":null},"tiered_pricing_minimum_quantity":null,"tiered_pricing_roles_data":[],"tiered_pricing_percentage_rules":[],"tiered_pricing_maximum_quantity":null,"tiered_pricing_quantity_step":null,"_links":{"self":[{"href":"https:\/\/gretapearls.com\/fr\/wp-json\/wp\/v2\/product\/14646","targetHints":{"allow":["GET"]}}],"collection":[{"href":"https:\/\/gretapearls.com\/fr\/wp-json\/wp\/v2\/product"}],"about":[{"href":"https:\/\/gretapearls.com\/fr\/wp-json\/wp\/v2\/types\/product"}],"replies":[{"embeddable":true,"href":"https:\/\/gretapearls.com\/fr\/wp-json\/wp\/v2\/comments?post=14646"}],"wp:featuredmedia":[{"embeddable":true,"href":"https:\/\/gretapearls.com\/fr\/wp-json\/wp\/v2\/media\/14641"}],"wp:attachment":[{"href":"https:\/\/gretapearls.com\/fr\/wp-json\/wp\/v2\/media?parent=14646"}],"wp:term":[{"taxonomy":"product_brand","embeddable":true,"href":"https:\/\/gretapearls.com\/fr\/wp-json\/wp\/v2\/product_brand?post=14646"},{"taxonomy":"product_cat","embeddable":true,"href":"https:\/\/gretapearls.com\/fr\/wp-json\/wp\/v2\/product_cat?post=14646"},{"taxonomy":"product_tag","embeddable":true,"href":"https:\/\/gretapearls.com\/fr\/wp-json\/wp\/v2\/product_tag?post=14646"}],"curies":[{"name":"wp","href":"https:\/\/api.w.org\/{rel}","templated":true}]}}