{"id":14252,"date":"2024-08-31T08:04:59","date_gmt":"2024-08-31T12:04:59","guid":{"rendered":"https:\/\/gretapearls.com\/?post_type=product&#038;p=14252"},"modified":"2025-12-06T12:56:17","modified_gmt":"2025-12-06T17:56:17","slug":"fil-dacier-fil-souple-fil-de-perles-fait-main","status":"publish","type":"product","link":"https:\/\/gretapearls.com\/fr\/shop\/steel-wire-soft-wire-handmade-diy-beading-wire\/","title":{"rendered":"Fil d&#039;acier souple, fil de perles fait main"},"content":{"rendered":"","protected":false},"excerpt":{"rendered":"<p>Ce fil souple en acier inoxydable recouvert de nylon est \u00e0 la fois r\u00e9sistant et flexible. Disponible en tons or et argent, il est id\u00e9al pour la cr\u00e9ation de bijoux polyvalents. Id\u00e9al pour la cr\u00e9ation de colliers, de bracelets et de perles DIY, il s&#039;adapte \u00e0 une grande vari\u00e9t\u00e9 de styles, des cr\u00e9ations complexes aux designs modernes.<\/p>","protected":false},"featured_media":14244,"comment_status":"open","ping_status":"closed","template":"","meta":[],"product_brand":[],"product_cat":[117],"product_tag":[],"class_list":{"0":"post-14252","1":"product","2":"type-product","3":"status-publish","4":"has-post-thumbnail","6":"product_cat-jewelry-making-tools-wholesale","8":"first","9":"instock","10":"taxable","11":"shipping-taxable","12":"purchasable","13":"product-type-variable"},"tiered_pricing_type":"fixed","tiered_pricing_fixed_rules":[],"tiered_pricing_product_settings":{"layout":"default","base_unit_name":{"singular":null,"plural":null},"default_variation":null},"tiered_pricing_minimum_quantity":null,"tiered_pricing_roles_data":[],"tiered_pricing_percentage_rules":[],"tiered_pricing_maximum_quantity":null,"tiered_pricing_quantity_step":null,"_links":{"self":[{"href":"https:\/\/gretapearls.com\/fr\/wp-json\/wp\/v2\/product\/14252","targetHints":{"allow":["GET"]}}],"collection":[{"href":"https:\/\/gretapearls.com\/fr\/wp-json\/wp\/v2\/product"}],"about":[{"href":"https:\/\/gretapearls.com\/fr\/wp-json\/wp\/v2\/types\/product"}],"replies":[{"embeddable":true,"href":"https:\/\/gretapearls.com\/fr\/wp-json\/wp\/v2\/comments?post=14252"}],"wp:featuredmedia":[{"embeddable":true,"href":"https:\/\/gretapearls.com\/fr\/wp-json\/wp\/v2\/media\/14244"}],"wp:attachment":[{"href":"https:\/\/gretapearls.com\/fr\/wp-json\/wp\/v2\/media?parent=14252"}],"wp:term":[{"taxonomy":"product_brand","embeddable":true,"href":"https:\/\/gretapearls.com\/fr\/wp-json\/wp\/v2\/product_brand?post=14252"},{"taxonomy":"product_cat","embeddable":true,"href":"https:\/\/gretapearls.com\/fr\/wp-json\/wp\/v2\/product_cat?post=14252"},{"taxonomy":"product_tag","embeddable":true,"href":"https:\/\/gretapearls.com\/fr\/wp-json\/wp\/v2\/product_tag?post=14252"}],"curies":[{"name":"wp","href":"https:\/\/api.w.org\/{rel}","templated":true}]}}