{"id":14079,"date":"2024-08-31T07:58:06","date_gmt":"2024-08-31T11:58:06","guid":{"rendered":"https:\/\/gretapearls.com\/?post_type=product&#038;p=14079"},"modified":"2026-02-07T13:26:46","modified_gmt":"2026-02-07T18:26:46","slug":"chaine-en-argent-s925-en-forme-de-fer-a-cheval-semi-finie","status":"publish","type":"product","link":"https:\/\/gretapearls.com\/fr\/shop\/s925-silver-chain-horseshoe-shaped-semi-finished-chain\/","title":{"rendered":"Cha\u00eene semi-finie en argent S925 en forme de fer \u00e0 cheval"},"content":{"rendered":"","protected":false},"excerpt":{"rendered":"<p>Cette cha\u00eene en argent S925 pr\u00e9sente un design unique en forme de fer \u00e0 cheval, ajoutant une touche d&#039;\u00e9l\u00e9gance et de modernit\u00e9 \u00e0 vos cr\u00e9ations de bijoux. Elle est parfaite pour cr\u00e9er des colliers, des bracelets ou des bracelets de cheville aux styles minimalistes, contemporains ou classiques.<\/p>","protected":false},"featured_media":14074,"comment_status":"open","ping_status":"closed","template":"","meta":[],"product_brand":[],"product_cat":[115],"product_tag":[],"class_list":{"0":"post-14079","1":"product","2":"type-product","3":"status-publish","4":"has-post-thumbnail","6":"product_cat-permanent-jewelry-chains-wholesale","8":"first","9":"instock","10":"taxable","11":"shipping-taxable","12":"purchasable","13":"product-type-variable"},"tiered_pricing_type":"fixed","tiered_pricing_fixed_rules":[],"tiered_pricing_product_settings":{"layout":"default","base_unit_name":{"singular":null,"plural":null},"default_variation":null},"tiered_pricing_minimum_quantity":null,"tiered_pricing_roles_data":[],"tiered_pricing_percentage_rules":[],"tiered_pricing_maximum_quantity":null,"tiered_pricing_quantity_step":null,"_links":{"self":[{"href":"https:\/\/gretapearls.com\/fr\/wp-json\/wp\/v2\/product\/14079","targetHints":{"allow":["GET"]}}],"collection":[{"href":"https:\/\/gretapearls.com\/fr\/wp-json\/wp\/v2\/product"}],"about":[{"href":"https:\/\/gretapearls.com\/fr\/wp-json\/wp\/v2\/types\/product"}],"replies":[{"embeddable":true,"href":"https:\/\/gretapearls.com\/fr\/wp-json\/wp\/v2\/comments?post=14079"}],"wp:featuredmedia":[{"embeddable":true,"href":"https:\/\/gretapearls.com\/fr\/wp-json\/wp\/v2\/media\/14074"}],"wp:attachment":[{"href":"https:\/\/gretapearls.com\/fr\/wp-json\/wp\/v2\/media?parent=14079"}],"wp:term":[{"taxonomy":"product_brand","embeddable":true,"href":"https:\/\/gretapearls.com\/fr\/wp-json\/wp\/v2\/product_brand?post=14079"},{"taxonomy":"product_cat","embeddable":true,"href":"https:\/\/gretapearls.com\/fr\/wp-json\/wp\/v2\/product_cat?post=14079"},{"taxonomy":"product_tag","embeddable":true,"href":"https:\/\/gretapearls.com\/fr\/wp-json\/wp\/v2\/product_tag?post=14079"}],"curies":[{"name":"wp","href":"https:\/\/api.w.org\/{rel}","templated":true}]}}