{"id":14033,"date":"2024-08-31T07:56:52","date_gmt":"2024-08-31T11:56:52","guid":{"rendered":"https:\/\/gretapearls.com\/?post_type=product&#038;p=14033"},"modified":"2026-02-07T13:26:44","modified_gmt":"2026-02-07T18:26:44","slug":"chaine-dextension-a-plaque-ronde-en-argent-sterling-925","status":"publish","type":"product","link":"https:\/\/gretapearls.com\/fr\/shop\/925-sterling-silver-round-plate-extension-chain\/","title":{"rendered":"Cha\u00eene d&#039;extension \u00e0 plaque ronde en argent sterling 925"},"content":{"rendered":"","protected":false},"excerpt":{"rendered":"<p>Ces cha\u00eenes d&#039;extension en argent sterling 925 pr\u00e9sentent un design simple et rond. Disponibles en finitions argent, or et or rose, elles sont polyvalentes. Elles sont parfaites pour ajuster la longueur de bracelets, colliers et bracelets de cheville, compl\u00e9tant ainsi une large gamme de bijoux avec une touche minimaliste et \u00e9l\u00e9gante.<\/p>","protected":false},"featured_media":14028,"comment_status":"open","ping_status":"closed","template":"","meta":[],"product_brand":[],"product_cat":[115],"product_tag":[],"class_list":{"0":"post-14033","1":"product","2":"type-product","3":"status-publish","4":"has-post-thumbnail","6":"product_cat-permanent-jewelry-chains-wholesale","8":"first","9":"instock","10":"taxable","11":"shipping-taxable","12":"purchasable","13":"product-type-variable"},"tiered_pricing_type":"fixed","tiered_pricing_fixed_rules":[],"tiered_pricing_product_settings":{"layout":"default","base_unit_name":{"singular":null,"plural":null},"default_variation":null},"tiered_pricing_minimum_quantity":null,"tiered_pricing_roles_data":[],"tiered_pricing_percentage_rules":[],"tiered_pricing_maximum_quantity":null,"tiered_pricing_quantity_step":null,"_links":{"self":[{"href":"https:\/\/gretapearls.com\/fr\/wp-json\/wp\/v2\/product\/14033","targetHints":{"allow":["GET"]}}],"collection":[{"href":"https:\/\/gretapearls.com\/fr\/wp-json\/wp\/v2\/product"}],"about":[{"href":"https:\/\/gretapearls.com\/fr\/wp-json\/wp\/v2\/types\/product"}],"replies":[{"embeddable":true,"href":"https:\/\/gretapearls.com\/fr\/wp-json\/wp\/v2\/comments?post=14033"}],"wp:featuredmedia":[{"embeddable":true,"href":"https:\/\/gretapearls.com\/fr\/wp-json\/wp\/v2\/media\/14028"}],"wp:attachment":[{"href":"https:\/\/gretapearls.com\/fr\/wp-json\/wp\/v2\/media?parent=14033"}],"wp:term":[{"taxonomy":"product_brand","embeddable":true,"href":"https:\/\/gretapearls.com\/fr\/wp-json\/wp\/v2\/product_brand?post=14033"},{"taxonomy":"product_cat","embeddable":true,"href":"https:\/\/gretapearls.com\/fr\/wp-json\/wp\/v2\/product_cat?post=14033"},{"taxonomy":"product_tag","embeddable":true,"href":"https:\/\/gretapearls.com\/fr\/wp-json\/wp\/v2\/product_tag?post=14033"}],"curies":[{"name":"wp","href":"https:\/\/api.w.org\/{rel}","templated":true}]}}