{"id":13936,"date":"2024-08-31T07:53:12","date_gmt":"2024-08-31T11:53:12","guid":{"rendered":"https:\/\/gretapearls.com\/?post_type=product&#038;p=13936"},"modified":"2026-02-07T13:26:39","modified_gmt":"2026-02-07T18:26:39","slug":"collier-de-perles-de-riz-en-argent-sterling-s925","status":"publish","type":"product","link":"https:\/\/gretapearls.com\/fr\/shop\/s925-sterling-silver-rice-bead-necklace\/","title":{"rendered":"Collier de perles de riz en argent sterling S925"},"content":{"rendered":"","protected":false},"excerpt":{"rendered":"<p>Cet \u00e9l\u00e9gant collier en argent sterling S925, orn\u00e9 de maillons en perles de riz d\u00e9licatement travaill\u00e9s, apportera une touche raffin\u00e9e et intemporelle \u00e0 votre collection de bijoux. Parfait \u00e0 superposer ou \u00e0 porter seul, il compl\u00e8te les styles de bijoux d\u00e9contract\u00e9s, formels et minimalistes.<\/p>","protected":false},"featured_media":13931,"comment_status":"open","ping_status":"closed","template":"","meta":[],"product_brand":[],"product_cat":[115],"product_tag":[],"class_list":{"0":"post-13936","1":"product","2":"type-product","3":"status-publish","4":"has-post-thumbnail","6":"product_cat-permanent-jewelry-chains-wholesale","8":"first","9":"instock","10":"taxable","11":"shipping-taxable","12":"purchasable","13":"product-type-simple"},"tiered_pricing_type":"fixed","tiered_pricing_fixed_rules":[],"tiered_pricing_product_settings":{"layout":"default","base_unit_name":{"singular":null,"plural":null},"default_variation":null},"tiered_pricing_minimum_quantity":null,"tiered_pricing_roles_data":[],"tiered_pricing_percentage_rules":[],"tiered_pricing_maximum_quantity":null,"tiered_pricing_quantity_step":null,"_links":{"self":[{"href":"https:\/\/gretapearls.com\/fr\/wp-json\/wp\/v2\/product\/13936","targetHints":{"allow":["GET"]}}],"collection":[{"href":"https:\/\/gretapearls.com\/fr\/wp-json\/wp\/v2\/product"}],"about":[{"href":"https:\/\/gretapearls.com\/fr\/wp-json\/wp\/v2\/types\/product"}],"replies":[{"embeddable":true,"href":"https:\/\/gretapearls.com\/fr\/wp-json\/wp\/v2\/comments?post=13936"}],"wp:featuredmedia":[{"embeddable":true,"href":"https:\/\/gretapearls.com\/fr\/wp-json\/wp\/v2\/media\/13931"}],"wp:attachment":[{"href":"https:\/\/gretapearls.com\/fr\/wp-json\/wp\/v2\/media?parent=13936"}],"wp:term":[{"taxonomy":"product_brand","embeddable":true,"href":"https:\/\/gretapearls.com\/fr\/wp-json\/wp\/v2\/product_brand?post=13936"},{"taxonomy":"product_cat","embeddable":true,"href":"https:\/\/gretapearls.com\/fr\/wp-json\/wp\/v2\/product_cat?post=13936"},{"taxonomy":"product_tag","embeddable":true,"href":"https:\/\/gretapearls.com\/fr\/wp-json\/wp\/v2\/product_tag?post=13936"}],"curies":[{"name":"wp","href":"https:\/\/api.w.org\/{rel}","templated":true}]}}