{"id":13797,"date":"2024-08-31T07:48:37","date_gmt":"2024-08-31T11:48:37","guid":{"rendered":"https:\/\/gretapearls.com\/?post_type=product&#038;p=13797"},"modified":"2026-02-07T13:26:35","modified_gmt":"2026-02-07T18:26:35","slug":"chaine-lariat-en-argent-sterling-s925-avec-perles-en-forme-de-coeur","status":"publish","type":"product","link":"https:\/\/gretapearls.com\/fr\/shop\/s925-sterling-silver-beaded-heart-lariat-chain\/","title":{"rendered":"Cha\u00eene lariat en argent sterling S925 avec perles en forme de c\u0153ur"},"content":{"rendered":"","protected":false},"excerpt":{"rendered":"<p>Cette cha\u00eene lariat en argent sterling S925 est orn\u00e9e de d\u00e9licats c\u0153urs et perles. Disponible en finitions argent, or et or rose, elle lui conf\u00e8re un style intemporel et \u00e9l\u00e9gant. Id\u00e9ale pour cr\u00e9er des colliers ou des bracelets ajustables, elle s&#039;accorde avec une grande vari\u00e9t\u00e9 de styles de bijoux, des plus minimalistes aux plus romantiques.<\/p>","protected":false},"featured_media":13792,"comment_status":"open","ping_status":"closed","template":"","meta":[],"product_brand":[],"product_cat":[115],"product_tag":[],"class_list":{"0":"post-13797","1":"product","2":"type-product","3":"status-publish","4":"has-post-thumbnail","6":"product_cat-permanent-jewelry-chains-wholesale","8":"first","9":"instock","10":"taxable","11":"shipping-taxable","12":"purchasable","13":"product-type-variable"},"tiered_pricing_type":"fixed","tiered_pricing_fixed_rules":[],"tiered_pricing_product_settings":{"layout":"default","base_unit_name":{"singular":null,"plural":null},"default_variation":null},"tiered_pricing_minimum_quantity":null,"tiered_pricing_roles_data":[],"tiered_pricing_percentage_rules":[],"tiered_pricing_maximum_quantity":null,"tiered_pricing_quantity_step":null,"_links":{"self":[{"href":"https:\/\/gretapearls.com\/fr\/wp-json\/wp\/v2\/product\/13797","targetHints":{"allow":["GET"]}}],"collection":[{"href":"https:\/\/gretapearls.com\/fr\/wp-json\/wp\/v2\/product"}],"about":[{"href":"https:\/\/gretapearls.com\/fr\/wp-json\/wp\/v2\/types\/product"}],"replies":[{"embeddable":true,"href":"https:\/\/gretapearls.com\/fr\/wp-json\/wp\/v2\/comments?post=13797"}],"wp:featuredmedia":[{"embeddable":true,"href":"https:\/\/gretapearls.com\/fr\/wp-json\/wp\/v2\/media\/13792"}],"wp:attachment":[{"href":"https:\/\/gretapearls.com\/fr\/wp-json\/wp\/v2\/media?parent=13797"}],"wp:term":[{"taxonomy":"product_brand","embeddable":true,"href":"https:\/\/gretapearls.com\/fr\/wp-json\/wp\/v2\/product_brand?post=13797"},{"taxonomy":"product_cat","embeddable":true,"href":"https:\/\/gretapearls.com\/fr\/wp-json\/wp\/v2\/product_cat?post=13797"},{"taxonomy":"product_tag","embeddable":true,"href":"https:\/\/gretapearls.com\/fr\/wp-json\/wp\/v2\/product_tag?post=13797"}],"curies":[{"name":"wp","href":"https:\/\/api.w.org\/{rel}","templated":true}]}}