{"id":13706,"date":"2024-08-30T14:07:05","date_gmt":"2024-08-30T18:07:05","guid":{"rendered":"https:\/\/gretapearls.com\/?post_type=product&#038;p=13706"},"modified":"2026-02-07T13:26:25","modified_gmt":"2026-02-07T18:26:25","slug":"bracelet-tube-vintage-3d-en-argent-pur-s925-avec-breloque","status":"publish","type":"product","link":"https:\/\/gretapearls.com\/fr\/shop\/s925-pure-silver-3d-vintage-tube-bracelet-charm\/","title":{"rendered":"Bracelet tube vintage 3D en argent pur S925"},"content":{"rendered":"","protected":false},"excerpt":{"rendered":"<p>Fabriqu\u00e9 en argent pur S925, ce charm tube vintage 3D pr\u00e9sente un design \u00e9l\u00e9gant et incurv\u00e9, rehauss\u00e9 de d\u00e9tails raffin\u00e9s pour un look \u00e0 la fois intemporel et artistique. Id\u00e9al pour embellir vos bracelets, il s&#039;harmonise parfaitement avec les bijoux boh\u00e8mes, vintage ou minimalistes.<\/p>","protected":false},"featured_media":13701,"comment_status":"open","ping_status":"closed","template":"","meta":[],"product_brand":[],"product_cat":[116],"product_tag":[],"class_list":{"0":"post-13706","1":"product","2":"type-product","3":"status-publish","4":"has-post-thumbnail","6":"product_cat-bracelet-charms-wholesale","8":"first","9":"instock","10":"taxable","11":"shipping-taxable","12":"purchasable","13":"product-type-simple"},"tiered_pricing_type":"fixed","tiered_pricing_fixed_rules":[],"tiered_pricing_product_settings":{"layout":"default","base_unit_name":{"singular":null,"plural":null},"default_variation":null},"tiered_pricing_minimum_quantity":null,"tiered_pricing_roles_data":[],"tiered_pricing_percentage_rules":[],"tiered_pricing_maximum_quantity":null,"tiered_pricing_quantity_step":null,"_links":{"self":[{"href":"https:\/\/gretapearls.com\/fr\/wp-json\/wp\/v2\/product\/13706","targetHints":{"allow":["GET"]}}],"collection":[{"href":"https:\/\/gretapearls.com\/fr\/wp-json\/wp\/v2\/product"}],"about":[{"href":"https:\/\/gretapearls.com\/fr\/wp-json\/wp\/v2\/types\/product"}],"replies":[{"embeddable":true,"href":"https:\/\/gretapearls.com\/fr\/wp-json\/wp\/v2\/comments?post=13706"}],"wp:featuredmedia":[{"embeddable":true,"href":"https:\/\/gretapearls.com\/fr\/wp-json\/wp\/v2\/media\/13701"}],"wp:attachment":[{"href":"https:\/\/gretapearls.com\/fr\/wp-json\/wp\/v2\/media?parent=13706"}],"wp:term":[{"taxonomy":"product_brand","embeddable":true,"href":"https:\/\/gretapearls.com\/fr\/wp-json\/wp\/v2\/product_brand?post=13706"},{"taxonomy":"product_cat","embeddable":true,"href":"https:\/\/gretapearls.com\/fr\/wp-json\/wp\/v2\/product_cat?post=13706"},{"taxonomy":"product_tag","embeddable":true,"href":"https:\/\/gretapearls.com\/fr\/wp-json\/wp\/v2\/product_tag?post=13706"}],"curies":[{"name":"wp","href":"https:\/\/api.w.org\/{rel}","templated":true}]}}