{"id":13692,"date":"2024-08-30T14:06:19","date_gmt":"2024-08-30T18:06:19","guid":{"rendered":"https:\/\/gretapearls.com\/?post_type=product&#038;p=13692"},"modified":"2026-02-07T13:26:32","modified_gmt":"2026-02-07T18:26:32","slug":"bracelet-jonc-3d-en-argent-pur-s925-avec-breloque","status":"publish","type":"product","link":"https:\/\/gretapearls.com\/fr\/shop\/s925-pure-silver-3d-half-bangle-bracelet-charm\/","title":{"rendered":"Bracelet demi-jonc 3D en argent pur S925 avec breloque"},"content":{"rendered":"","protected":false},"excerpt":{"rendered":"<p>Fabriqu\u00e9 en argent pur S925, ce charm demi-jonc 3D pr\u00e9sente un design lisse et incurv\u00e9, rehauss\u00e9 d&#039;une subtile texture pointill\u00e9e pour une \u00e9l\u00e9gance accrue. Id\u00e9al pour cr\u00e9er des bracelets uniques, son design polyvalent s&#039;accorde parfaitement avec les bijoux minimalistes, modernes ou d&#039;inspiration vintage.<\/p>","protected":false},"featured_media":13687,"comment_status":"open","ping_status":"closed","template":"","meta":[],"product_brand":[],"product_cat":[116],"product_tag":[],"class_list":{"0":"post-13692","1":"product","2":"type-product","3":"status-publish","4":"has-post-thumbnail","6":"product_cat-bracelet-charms-wholesale","8":"first","9":"instock","10":"taxable","11":"shipping-taxable","12":"purchasable","13":"product-type-variable"},"tiered_pricing_type":"fixed","tiered_pricing_fixed_rules":[],"tiered_pricing_product_settings":{"layout":"default","base_unit_name":{"singular":null,"plural":null},"default_variation":null},"tiered_pricing_minimum_quantity":null,"tiered_pricing_roles_data":[],"tiered_pricing_percentage_rules":[],"tiered_pricing_maximum_quantity":null,"tiered_pricing_quantity_step":null,"_links":{"self":[{"href":"https:\/\/gretapearls.com\/fr\/wp-json\/wp\/v2\/product\/13692","targetHints":{"allow":["GET"]}}],"collection":[{"href":"https:\/\/gretapearls.com\/fr\/wp-json\/wp\/v2\/product"}],"about":[{"href":"https:\/\/gretapearls.com\/fr\/wp-json\/wp\/v2\/types\/product"}],"replies":[{"embeddable":true,"href":"https:\/\/gretapearls.com\/fr\/wp-json\/wp\/v2\/comments?post=13692"}],"wp:featuredmedia":[{"embeddable":true,"href":"https:\/\/gretapearls.com\/fr\/wp-json\/wp\/v2\/media\/13687"}],"wp:attachment":[{"href":"https:\/\/gretapearls.com\/fr\/wp-json\/wp\/v2\/media?parent=13692"}],"wp:term":[{"taxonomy":"product_brand","embeddable":true,"href":"https:\/\/gretapearls.com\/fr\/wp-json\/wp\/v2\/product_brand?post=13692"},{"taxonomy":"product_cat","embeddable":true,"href":"https:\/\/gretapearls.com\/fr\/wp-json\/wp\/v2\/product_cat?post=13692"},{"taxonomy":"product_tag","embeddable":true,"href":"https:\/\/gretapearls.com\/fr\/wp-json\/wp\/v2\/product_tag?post=13692"}],"curies":[{"name":"wp","href":"https:\/\/api.w.org\/{rel}","templated":true}]}}