{"id":13644,"date":"2024-08-30T13:47:52","date_gmt":"2024-08-30T17:47:52","guid":{"rendered":"https:\/\/gretapearls.com\/?post_type=product&#038;p=13644"},"modified":"2026-02-07T13:26:24","modified_gmt":"2026-02-07T18:26:24","slug":"breloque-pour-bracelet-a-double-anneau-en-argent-sterling-925","status":"publish","type":"product","link":"https:\/\/gretapearls.com\/fr\/shop\/925-sterling-silver-double-ring-knot-bracelet-charm\/","title":{"rendered":"Breloque pour bracelet \u00e0 double anneau en argent sterling 925"},"content":{"rendered":"","protected":false},"excerpt":{"rendered":"<p>Orn\u00e9 d&#039;un n\u0153ud complexe \u00e0 double anneau, ce charm en argent sterling 925 met en valeur le savoir-faire et l&#039;\u00e9l\u00e9gance gr\u00e2ce \u00e0 sa finition lisse et polie. Parfait pour des bracelets ou des colliers, il s&#039;harmonise avec les bijoux modernes, minimalistes et classiques.<\/p>","protected":false},"featured_media":13639,"comment_status":"open","ping_status":"closed","template":"","meta":[],"product_brand":[],"product_cat":[116],"product_tag":[],"class_list":{"0":"post-13644","1":"product","2":"type-product","3":"status-publish","4":"has-post-thumbnail","6":"product_cat-bracelet-charms-wholesale","8":"first","9":"instock","10":"taxable","11":"shipping-taxable","12":"purchasable","13":"product-type-simple"},"tiered_pricing_type":"fixed","tiered_pricing_fixed_rules":[],"tiered_pricing_product_settings":{"layout":"default","base_unit_name":{"singular":null,"plural":null},"default_variation":null},"tiered_pricing_minimum_quantity":null,"tiered_pricing_roles_data":[],"tiered_pricing_percentage_rules":[],"tiered_pricing_maximum_quantity":null,"tiered_pricing_quantity_step":null,"_links":{"self":[{"href":"https:\/\/gretapearls.com\/fr\/wp-json\/wp\/v2\/product\/13644","targetHints":{"allow":["GET"]}}],"collection":[{"href":"https:\/\/gretapearls.com\/fr\/wp-json\/wp\/v2\/product"}],"about":[{"href":"https:\/\/gretapearls.com\/fr\/wp-json\/wp\/v2\/types\/product"}],"replies":[{"embeddable":true,"href":"https:\/\/gretapearls.com\/fr\/wp-json\/wp\/v2\/comments?post=13644"}],"wp:featuredmedia":[{"embeddable":true,"href":"https:\/\/gretapearls.com\/fr\/wp-json\/wp\/v2\/media\/13639"}],"wp:attachment":[{"href":"https:\/\/gretapearls.com\/fr\/wp-json\/wp\/v2\/media?parent=13644"}],"wp:term":[{"taxonomy":"product_brand","embeddable":true,"href":"https:\/\/gretapearls.com\/fr\/wp-json\/wp\/v2\/product_brand?post=13644"},{"taxonomy":"product_cat","embeddable":true,"href":"https:\/\/gretapearls.com\/fr\/wp-json\/wp\/v2\/product_cat?post=13644"},{"taxonomy":"product_tag","embeddable":true,"href":"https:\/\/gretapearls.com\/fr\/wp-json\/wp\/v2\/product_tag?post=13644"}],"curies":[{"name":"wp","href":"https:\/\/api.w.org\/{rel}","templated":true}]}}