{"id":13608,"date":"2024-08-30T13:45:41","date_gmt":"2024-08-30T17:45:41","guid":{"rendered":"https:\/\/gretapearls.com\/?post_type=product&#038;p=13608"},"modified":"2026-02-07T13:26:24","modified_gmt":"2026-02-07T18:26:24","slug":"breloque-double-anneau-porte-bonheur-en-argent-sterling-s925","status":"publish","type":"product","link":"https:\/\/gretapearls.com\/fr\/shop\/s925-sterling-silver-good-luck-double-ring-charm\/","title":{"rendered":"Breloque double anneau \u00ab\u00a0Bonne chance\u00a0\u00bb en argent sterling S925"},"content":{"rendered":"","protected":false},"excerpt":{"rendered":"<p>Cet \u00e9l\u00e9gant charm en argent sterling S925 arbore un design ovale poli grav\u00e9 de l&#039;inscription \u00ab\u00a0Bonne Chance\u00a0\u00bb, et est dot\u00e9 de deux anneaux pour une fixation s\u00fbre \u00e0 vos bijoux. Id\u00e9al pour les bracelets, colliers et bracelets de cheville, son style intemporel apporte une touche personnelle et significative \u00e0 tout accessoire.<\/p>","protected":false},"featured_media":13603,"comment_status":"open","ping_status":"closed","template":"","meta":[],"product_brand":[],"product_cat":[116],"product_tag":[],"class_list":{"0":"post-13608","1":"product","2":"type-product","3":"status-publish","4":"has-post-thumbnail","6":"product_cat-bracelet-charms-wholesale","8":"first","9":"instock","10":"taxable","11":"shipping-taxable","12":"purchasable","13":"product-type-simple"},"tiered_pricing_type":"fixed","tiered_pricing_fixed_rules":[],"tiered_pricing_product_settings":{"layout":"default","base_unit_name":{"singular":null,"plural":null},"default_variation":null},"tiered_pricing_minimum_quantity":null,"tiered_pricing_roles_data":[],"tiered_pricing_percentage_rules":[],"tiered_pricing_maximum_quantity":null,"tiered_pricing_quantity_step":null,"_links":{"self":[{"href":"https:\/\/gretapearls.com\/fr\/wp-json\/wp\/v2\/product\/13608","targetHints":{"allow":["GET"]}}],"collection":[{"href":"https:\/\/gretapearls.com\/fr\/wp-json\/wp\/v2\/product"}],"about":[{"href":"https:\/\/gretapearls.com\/fr\/wp-json\/wp\/v2\/types\/product"}],"replies":[{"embeddable":true,"href":"https:\/\/gretapearls.com\/fr\/wp-json\/wp\/v2\/comments?post=13608"}],"wp:featuredmedia":[{"embeddable":true,"href":"https:\/\/gretapearls.com\/fr\/wp-json\/wp\/v2\/media\/13603"}],"wp:attachment":[{"href":"https:\/\/gretapearls.com\/fr\/wp-json\/wp\/v2\/media?parent=13608"}],"wp:term":[{"taxonomy":"product_brand","embeddable":true,"href":"https:\/\/gretapearls.com\/fr\/wp-json\/wp\/v2\/product_brand?post=13608"},{"taxonomy":"product_cat","embeddable":true,"href":"https:\/\/gretapearls.com\/fr\/wp-json\/wp\/v2\/product_cat?post=13608"},{"taxonomy":"product_tag","embeddable":true,"href":"https:\/\/gretapearls.com\/fr\/wp-json\/wp\/v2\/product_tag?post=13608"}],"curies":[{"name":"wp","href":"https:\/\/api.w.org\/{rel}","templated":true}]}}