{"id":13467,"date":"2024-08-30T13:39:04","date_gmt":"2024-08-30T17:39:04","guid":{"rendered":"https:\/\/gretapearls.com\/?post_type=product&#038;p=13467"},"modified":"2026-02-07T13:26:28","modified_gmt":"2026-02-07T18:26:28","slug":"breloque-mini-anneau-double-en-argent-s925-avec-strass","status":"publish","type":"product","link":"https:\/\/gretapearls.com\/fr\/shop\/s925-silver-mini-double-ring-rhinestone-charm\/","title":{"rendered":"Breloque mini-anneau double en argent S925 avec strass"},"content":{"rendered":"","protected":false},"excerpt":{"rendered":"<p>Fabriqu\u00e9 en argent sterling S925, ce mini charm arbore un double anneau orn\u00e9 d&#039;un strass \u00e9clatant, apportant une \u00e9l\u00e9gante touche d&#039;\u00e9clat. Id\u00e9al pour sublimer colliers, bracelets ou bracelets de cheville, il s&#039;accorde parfaitement avec les bijoux modernes, minimalistes et color\u00e9s.<\/p>","protected":false},"featured_media":13462,"comment_status":"open","ping_status":"closed","template":"","meta":[],"product_brand":[],"product_cat":[116],"product_tag":[],"class_list":{"0":"post-13467","1":"product","2":"type-product","3":"status-publish","4":"has-post-thumbnail","6":"product_cat-bracelet-charms-wholesale","8":"first","9":"instock","10":"taxable","11":"shipping-taxable","12":"purchasable","13":"product-type-variable"},"tiered_pricing_type":"fixed","tiered_pricing_fixed_rules":[],"tiered_pricing_product_settings":{"layout":"default","base_unit_name":{"singular":null,"plural":null},"default_variation":null},"tiered_pricing_minimum_quantity":null,"tiered_pricing_roles_data":[],"tiered_pricing_percentage_rules":[],"tiered_pricing_maximum_quantity":null,"tiered_pricing_quantity_step":null,"_links":{"self":[{"href":"https:\/\/gretapearls.com\/fr\/wp-json\/wp\/v2\/product\/13467","targetHints":{"allow":["GET"]}}],"collection":[{"href":"https:\/\/gretapearls.com\/fr\/wp-json\/wp\/v2\/product"}],"about":[{"href":"https:\/\/gretapearls.com\/fr\/wp-json\/wp\/v2\/types\/product"}],"replies":[{"embeddable":true,"href":"https:\/\/gretapearls.com\/fr\/wp-json\/wp\/v2\/comments?post=13467"}],"wp:featuredmedia":[{"embeddable":true,"href":"https:\/\/gretapearls.com\/fr\/wp-json\/wp\/v2\/media\/13462"}],"wp:attachment":[{"href":"https:\/\/gretapearls.com\/fr\/wp-json\/wp\/v2\/media?parent=13467"}],"wp:term":[{"taxonomy":"product_brand","embeddable":true,"href":"https:\/\/gretapearls.com\/fr\/wp-json\/wp\/v2\/product_brand?post=13467"},{"taxonomy":"product_cat","embeddable":true,"href":"https:\/\/gretapearls.com\/fr\/wp-json\/wp\/v2\/product_cat?post=13467"},{"taxonomy":"product_tag","embeddable":true,"href":"https:\/\/gretapearls.com\/fr\/wp-json\/wp\/v2\/product_tag?post=13467"}],"curies":[{"name":"wp","href":"https:\/\/api.w.org\/{rel}","templated":true}]}}