{"id":12256,"date":"2024-08-30T02:32:42","date_gmt":"2024-08-30T06:32:42","guid":{"rendered":"https:\/\/gretapearls.com\/?post_type=product&#038;p=12256"},"modified":"2026-02-07T13:25:58","modified_gmt":"2026-02-07T18:25:58","slug":"perles-despacement-papillon-en-argent-sterling-s925","status":"publish","type":"product","link":"https:\/\/gretapearls.com\/fr\/shop\/s925-sterling-silver-butterfly-spacer-beads\/","title":{"rendered":"Perles d&#039;espacement papillon en argent sterling S925"},"content":{"rendered":"","protected":false},"excerpt":{"rendered":"<p>Pr\u00e9sentant un d\u00e9licat motif papillon aux d\u00e9tails complexes, ces perles intercalaires en argent sterling S925 apportent une touche d&#039;\u00e9l\u00e9gance \u00e0 vos cr\u00e9ations. Parfaites pour les bracelets, colliers et bracelets de cheville, elles compl\u00e8tent des mod\u00e8les de breloques inspir\u00e9s de la nature ou aux th\u00e8mes fantaisistes.<\/p>","protected":false},"featured_media":12251,"comment_status":"open","ping_status":"closed","template":"","meta":[],"product_brand":[],"product_cat":[113],"product_tag":[],"class_list":{"0":"post-12256","1":"product","2":"type-product","3":"status-publish","4":"has-post-thumbnail","6":"product_cat-wholesale-spacer-beads","8":"first","9":"instock","10":"taxable","11":"shipping-taxable","12":"purchasable","13":"product-type-variable"},"tiered_pricing_type":"fixed","tiered_pricing_fixed_rules":[],"tiered_pricing_product_settings":{"layout":"default","base_unit_name":{"singular":null,"plural":null},"default_variation":null},"tiered_pricing_minimum_quantity":null,"tiered_pricing_roles_data":[],"tiered_pricing_percentage_rules":[],"tiered_pricing_maximum_quantity":null,"tiered_pricing_quantity_step":null,"_links":{"self":[{"href":"https:\/\/gretapearls.com\/fr\/wp-json\/wp\/v2\/product\/12256","targetHints":{"allow":["GET"]}}],"collection":[{"href":"https:\/\/gretapearls.com\/fr\/wp-json\/wp\/v2\/product"}],"about":[{"href":"https:\/\/gretapearls.com\/fr\/wp-json\/wp\/v2\/types\/product"}],"replies":[{"embeddable":true,"href":"https:\/\/gretapearls.com\/fr\/wp-json\/wp\/v2\/comments?post=12256"}],"wp:featuredmedia":[{"embeddable":true,"href":"https:\/\/gretapearls.com\/fr\/wp-json\/wp\/v2\/media\/12251"}],"wp:attachment":[{"href":"https:\/\/gretapearls.com\/fr\/wp-json\/wp\/v2\/media?parent=12256"}],"wp:term":[{"taxonomy":"product_brand","embeddable":true,"href":"https:\/\/gretapearls.com\/fr\/wp-json\/wp\/v2\/product_brand?post=12256"},{"taxonomy":"product_cat","embeddable":true,"href":"https:\/\/gretapearls.com\/fr\/wp-json\/wp\/v2\/product_cat?post=12256"},{"taxonomy":"product_tag","embeddable":true,"href":"https:\/\/gretapearls.com\/fr\/wp-json\/wp\/v2\/product_tag?post=12256"}],"curies":[{"name":"wp","href":"https:\/\/api.w.org\/{rel}","templated":true}]}}