{"id":12184,"date":"2024-08-30T02:29:41","date_gmt":"2024-08-30T06:29:41","guid":{"rendered":"https:\/\/gretapearls.com\/?post_type=product&#038;p=12184"},"modified":"2026-02-07T13:16:06","modified_gmt":"2026-02-07T18:16:06","slug":"perles-despacement-spirales-vintage-en-argent-sterling-s925","status":"publish","type":"product","link":"https:\/\/gretapearls.com\/fr\/shop\/s925-sterling-silver-vintage-spiral-spacer-beads\/","title":{"rendered":"Perles d&#039;espacement spirales vintage en argent sterling S925"},"content":{"rendered":"","protected":false},"excerpt":{"rendered":"<p>Ces perles intercalaires en argent sterling S925 arborent un design spirale vintage et des d\u00e9tails oxyd\u00e9s complexes, apportant une touche intemporelle et \u00e9l\u00e9gante \u00e0 vos cr\u00e9ations de bijoux. Parfaites pour des bracelets, des colliers ou des boucles d&#039;oreilles, elles s&#039;harmonisent aussi bien avec les styles minimalistes que boh\u00e8mes.<\/p>","protected":false},"featured_media":12179,"comment_status":"open","ping_status":"closed","template":"","meta":[],"product_brand":[],"product_cat":[113],"product_tag":[],"class_list":{"0":"post-12184","1":"product","2":"type-product","3":"status-publish","4":"has-post-thumbnail","6":"product_cat-wholesale-spacer-beads","8":"first","9":"instock","10":"taxable","11":"shipping-taxable","12":"purchasable","13":"product-type-variable"},"tiered_pricing_type":"fixed","tiered_pricing_fixed_rules":[],"tiered_pricing_product_settings":{"layout":"default","base_unit_name":{"singular":null,"plural":null},"default_variation":null},"tiered_pricing_minimum_quantity":null,"tiered_pricing_roles_data":[],"tiered_pricing_percentage_rules":[],"tiered_pricing_maximum_quantity":null,"tiered_pricing_quantity_step":null,"_links":{"self":[{"href":"https:\/\/gretapearls.com\/fr\/wp-json\/wp\/v2\/product\/12184","targetHints":{"allow":["GET"]}}],"collection":[{"href":"https:\/\/gretapearls.com\/fr\/wp-json\/wp\/v2\/product"}],"about":[{"href":"https:\/\/gretapearls.com\/fr\/wp-json\/wp\/v2\/types\/product"}],"replies":[{"embeddable":true,"href":"https:\/\/gretapearls.com\/fr\/wp-json\/wp\/v2\/comments?post=12184"}],"wp:featuredmedia":[{"embeddable":true,"href":"https:\/\/gretapearls.com\/fr\/wp-json\/wp\/v2\/media\/12179"}],"wp:attachment":[{"href":"https:\/\/gretapearls.com\/fr\/wp-json\/wp\/v2\/media?parent=12184"}],"wp:term":[{"taxonomy":"product_brand","embeddable":true,"href":"https:\/\/gretapearls.com\/fr\/wp-json\/wp\/v2\/product_brand?post=12184"},{"taxonomy":"product_cat","embeddable":true,"href":"https:\/\/gretapearls.com\/fr\/wp-json\/wp\/v2\/product_cat?post=12184"},{"taxonomy":"product_tag","embeddable":true,"href":"https:\/\/gretapearls.com\/fr\/wp-json\/wp\/v2\/product_tag?post=12184"}],"curies":[{"name":"wp","href":"https:\/\/api.w.org\/{rel}","templated":true}]}}