{"id":10928,"date":"2024-08-29T06:23:34","date_gmt":"2024-08-29T10:23:34","guid":{"rendered":"https:\/\/gretapearls.com\/?post_type=product&#038;p=10928"},"modified":"2026-02-07T13:15:22","modified_gmt":"2026-02-07T18:15:22","slug":"boucles-doreilles-a-tige-en-forme-de-fer-a-cheval-plaquees-argent-sterling-925","status":"publish","type":"product","link":"https:\/\/gretapearls.com\/fr\/shop\/s925-sterling-silver-plated-horseshoe-stud-earrings\/","title":{"rendered":"Boucles d&#039;oreilles \u00e0 tige en forme de fer \u00e0 cheval plaqu\u00e9 argent sterling S925"},"content":{"rendered":"<p>Mat\u00e9riau : argent sterling S925<\/p>\n\n\n\n<p>Technologie : galvanoplastie<\/p>\n\n\n\n<p>Taille:<\/p>\n\n\n\n<p>Largeur : 4,5 MM Longueur : 20,5 MM \u00c9paisseur des boucles d&#039;oreilles : 0,75 MM \u00c9paisseur du crochet et de la boucle : 0,65 MM<br>Remarque : la taille et le poids sont mesur\u00e9s manuellement, il peut donc y avoir des erreurs.<\/p>","protected":false},"excerpt":{"rendered":"<p>Ces boucles d&#039;oreilles fer \u00e0 cheval en argent sterling S925 plaqu\u00e9 or poli pr\u00e9sentent un design minimaliste avec de d\u00e9licats d\u00e9tails en forme de goutte pour une touche d&#039;\u00e9l\u00e9gance. Parfaites pour les tenues d\u00e9contract\u00e9es comme formelles, elles compl\u00e8tent les collections de bijoux modernes et rehaussent n&#039;importe quelle tenue sans effort.<\/p>","protected":false},"featured_media":10923,"comment_status":"open","ping_status":"closed","template":"","meta":[],"product_brand":[],"product_cat":[111],"product_tag":[],"class_list":{"0":"post-10928","1":"product","2":"type-product","3":"status-publish","4":"has-post-thumbnail","6":"product_cat-wholesale-earring-findings","8":"first","9":"instock","10":"taxable","11":"shipping-taxable","12":"purchasable","13":"product-type-variable"},"tiered_pricing_type":"fixed","tiered_pricing_fixed_rules":[],"tiered_pricing_product_settings":{"layout":"default","base_unit_name":{"singular":null,"plural":null},"default_variation":null},"tiered_pricing_minimum_quantity":null,"tiered_pricing_roles_data":[],"tiered_pricing_percentage_rules":[],"tiered_pricing_maximum_quantity":null,"tiered_pricing_quantity_step":null,"_links":{"self":[{"href":"https:\/\/gretapearls.com\/fr\/wp-json\/wp\/v2\/product\/10928","targetHints":{"allow":["GET"]}}],"collection":[{"href":"https:\/\/gretapearls.com\/fr\/wp-json\/wp\/v2\/product"}],"about":[{"href":"https:\/\/gretapearls.com\/fr\/wp-json\/wp\/v2\/types\/product"}],"replies":[{"embeddable":true,"href":"https:\/\/gretapearls.com\/fr\/wp-json\/wp\/v2\/comments?post=10928"}],"wp:featuredmedia":[{"embeddable":true,"href":"https:\/\/gretapearls.com\/fr\/wp-json\/wp\/v2\/media\/10923"}],"wp:attachment":[{"href":"https:\/\/gretapearls.com\/fr\/wp-json\/wp\/v2\/media?parent=10928"}],"wp:term":[{"taxonomy":"product_brand","embeddable":true,"href":"https:\/\/gretapearls.com\/fr\/wp-json\/wp\/v2\/product_brand?post=10928"},{"taxonomy":"product_cat","embeddable":true,"href":"https:\/\/gretapearls.com\/fr\/wp-json\/wp\/v2\/product_cat?post=10928"},{"taxonomy":"product_tag","embeddable":true,"href":"https:\/\/gretapearls.com\/fr\/wp-json\/wp\/v2\/product_tag?post=10928"}],"curies":[{"name":"wp","href":"https:\/\/api.w.org\/{rel}","templated":true}]}}