{"id":10801,"date":"2024-08-29T06:16:55","date_gmt":"2024-08-29T10:16:55","guid":{"rendered":"https:\/\/gretapearls.com\/?post_type=product&#038;p=10801"},"modified":"2026-02-07T13:15:20","modified_gmt":"2026-02-07T18:15:20","slug":"boucles-doreilles-a-crochets-en-argent-sterling-925-vintage-en-forme-de-trefle-a-quatre-feuilles","status":"publish","type":"product","link":"https:\/\/gretapearls.com\/fr\/shop\/s925-sterling-silver-vintage-four-leaf-clover-earring-hooks\/","title":{"rendered":"Boucles d&#039;oreilles \u00e0 crochets en argent sterling S925, motif tr\u00e8fle \u00e0 quatre feuilles vintage"},"content":{"rendered":"<p>Mat\u00e9riau : argent sterling S925<br>Taille:<\/p>\n\n\n\n<p>1# largeur : 5,3 MM longueur : 16,7 MM \u00e9paisseur de l&#039;aiguille : 1 MM diam\u00e8tre int\u00e9rieur de l&#039;anneau : 1,5 MM poids d&#039;une paire : 0,89 G<\/p>\n\n\n\n<p>2# largeur : 4,0 MM longueur : 17 MM \u00e9paisseur de l&#039;aiguille : 1 MM diam\u00e8tre int\u00e9rieur de l&#039;anneau : 1,5 MM poids d&#039;une paire : 0,9 G<\/p>\n\n\n\n<p>3# largeur : 3,7 MM longueur : 17 MM \u00e9paisseur de l&#039;aiguille : 1 MM diam\u00e8tre int\u00e9rieur de l&#039;anneau : 1,5 MM poids d&#039;une paire : 0,74 G<\/p>\n\n\n\n<p>4# largeur : 2,6 MM longueur : 16,5 MM \u00e9paisseur de l&#039;aiguille : 1 MM diam\u00e8tre int\u00e9rieur de l&#039;anneau : 1,5 MM poids d&#039;une paire : 0,84 G<br>Remarque : la taille et le poids sont mesur\u00e9s manuellement et il peut y avoir des erreurs.<\/p>","protected":false},"excerpt":{"rendered":"<p>Fabriqu\u00e9s en argent sterling S925, ces crochets de boucles d&#039;oreilles vintage arborent un \u00e9l\u00e9gant motif inspir\u00e9 du tr\u00e8fle \u00e0 quatre feuilles, avec des d\u00e9tails complexes pour un charme intemporel. Id\u00e9als pour cr\u00e9er des boucles d&#039;oreilles pendantes raffin\u00e9es, ils compl\u00e8tent des styles allant du vintage au boh\u00e8me.<\/p>","protected":false},"featured_media":10796,"comment_status":"open","ping_status":"closed","template":"","meta":[],"product_brand":[],"product_cat":[111],"product_tag":[],"class_list":{"0":"post-10801","1":"product","2":"type-product","3":"status-publish","4":"has-post-thumbnail","6":"product_cat-wholesale-earring-findings","8":"first","9":"instock","10":"taxable","11":"shipping-taxable","12":"purchasable","13":"product-type-variable"},"tiered_pricing_type":"fixed","tiered_pricing_fixed_rules":[],"tiered_pricing_product_settings":{"layout":"default","base_unit_name":{"singular":null,"plural":null},"default_variation":null},"tiered_pricing_minimum_quantity":null,"tiered_pricing_roles_data":[],"tiered_pricing_percentage_rules":[],"tiered_pricing_maximum_quantity":null,"tiered_pricing_quantity_step":null,"_links":{"self":[{"href":"https:\/\/gretapearls.com\/fr\/wp-json\/wp\/v2\/product\/10801","targetHints":{"allow":["GET"]}}],"collection":[{"href":"https:\/\/gretapearls.com\/fr\/wp-json\/wp\/v2\/product"}],"about":[{"href":"https:\/\/gretapearls.com\/fr\/wp-json\/wp\/v2\/types\/product"}],"replies":[{"embeddable":true,"href":"https:\/\/gretapearls.com\/fr\/wp-json\/wp\/v2\/comments?post=10801"}],"wp:featuredmedia":[{"embeddable":true,"href":"https:\/\/gretapearls.com\/fr\/wp-json\/wp\/v2\/media\/10796"}],"wp:attachment":[{"href":"https:\/\/gretapearls.com\/fr\/wp-json\/wp\/v2\/media?parent=10801"}],"wp:term":[{"taxonomy":"product_brand","embeddable":true,"href":"https:\/\/gretapearls.com\/fr\/wp-json\/wp\/v2\/product_brand?post=10801"},{"taxonomy":"product_cat","embeddable":true,"href":"https:\/\/gretapearls.com\/fr\/wp-json\/wp\/v2\/product_cat?post=10801"},{"taxonomy":"product_tag","embeddable":true,"href":"https:\/\/gretapearls.com\/fr\/wp-json\/wp\/v2\/product_tag?post=10801"}],"curies":[{"name":"wp","href":"https:\/\/api.w.org\/{rel}","templated":true}]}}