{"id":10698,"date":"2024-08-29T06:12:05","date_gmt":"2024-08-29T10:12:05","guid":{"rendered":"https:\/\/gretapearls.com\/?post_type=product&#038;p=10698"},"modified":"2026-02-07T13:15:18","modified_gmt":"2026-02-07T18:15:18","slug":"crochets-de-boucles-doreilles-plats-en-argent-sterling-s925","status":"publish","type":"product","link":"https:\/\/gretapearls.com\/fr\/shop\/s925-sterling-silver-flat-earring-hooks\/","title":{"rendered":"Crochets de boucles d&#039;oreilles plats en argent sterling S925"},"content":{"rendered":"<p>Mat\u00e9riau : argent sterling S925<\/p>\n\n\n\n<p>Proc\u00e9d\u00e9 : galvanoplastie<\/p>\n\n\n\n<p>Taille : Largeur : 9 MM*15 MM \u00c9paisseur du fil : 0,65 MM Poids par paire : 0,28 G<\/p>\n\n\n\n<p>Remarque : la taille et le poids sont mesur\u00e9s manuellement, il peut donc y avoir des erreurs.<\/p>","protected":false},"excerpt":{"rendered":"<p>Fabriqu\u00e9s en argent sterling S925 de haute qualit\u00e9, ces crochets de boucles d&#039;oreilles plats pr\u00e9sentent un design \u00e9l\u00e9gant et poli, avec une boucle s\u00e9curis\u00e9e pour une fixation facile des pendentifs. Id\u00e9als pour cr\u00e9er d&#039;\u00e9l\u00e9gantes boucles d&#039;oreilles pendantes, ils s&#039;associent \u00e0 des pierres pr\u00e9cieuses, des perles ou des breloques, dans des styles aussi bien modernes que classiques.<\/p>","protected":false},"featured_media":10693,"comment_status":"open","ping_status":"closed","template":"","meta":[],"product_brand":[],"product_cat":[111],"product_tag":[],"class_list":{"0":"post-10698","1":"product","2":"type-product","3":"status-publish","4":"has-post-thumbnail","6":"product_cat-wholesale-earring-findings","8":"first","9":"instock","10":"taxable","11":"shipping-taxable","12":"purchasable","13":"product-type-variable"},"tiered_pricing_type":"fixed","tiered_pricing_fixed_rules":[],"tiered_pricing_product_settings":{"layout":"default","base_unit_name":{"singular":null,"plural":null},"default_variation":null},"tiered_pricing_minimum_quantity":null,"tiered_pricing_roles_data":[],"tiered_pricing_percentage_rules":[],"tiered_pricing_maximum_quantity":null,"tiered_pricing_quantity_step":null,"_links":{"self":[{"href":"https:\/\/gretapearls.com\/fr\/wp-json\/wp\/v2\/product\/10698","targetHints":{"allow":["GET"]}}],"collection":[{"href":"https:\/\/gretapearls.com\/fr\/wp-json\/wp\/v2\/product"}],"about":[{"href":"https:\/\/gretapearls.com\/fr\/wp-json\/wp\/v2\/types\/product"}],"replies":[{"embeddable":true,"href":"https:\/\/gretapearls.com\/fr\/wp-json\/wp\/v2\/comments?post=10698"}],"wp:featuredmedia":[{"embeddable":true,"href":"https:\/\/gretapearls.com\/fr\/wp-json\/wp\/v2\/media\/10693"}],"wp:attachment":[{"href":"https:\/\/gretapearls.com\/fr\/wp-json\/wp\/v2\/media?parent=10698"}],"wp:term":[{"taxonomy":"product_brand","embeddable":true,"href":"https:\/\/gretapearls.com\/fr\/wp-json\/wp\/v2\/product_brand?post=10698"},{"taxonomy":"product_cat","embeddable":true,"href":"https:\/\/gretapearls.com\/fr\/wp-json\/wp\/v2\/product_cat?post=10698"},{"taxonomy":"product_tag","embeddable":true,"href":"https:\/\/gretapearls.com\/fr\/wp-json\/wp\/v2\/product_tag?post=10698"}],"curies":[{"name":"wp","href":"https:\/\/api.w.org\/{rel}","templated":true}]}}