{"id":10665,"date":"2024-08-29T07:07:30","date_gmt":"2024-08-29T07:07:30","guid":{"rendered":"https:\/\/gretapearls.com\/?post_type=product&#038;p=10665"},"modified":"2026-05-17T00:15:24","modified_gmt":"2026-05-17T04:15:24","slug":"perles-deau-douce-rondes-sans-noyau-de-8-5-et-9-mm","status":"publish","type":"product","link":"https:\/\/gretapearls.com\/fr\/shop\/8-5-9mm-round-nucleus-free-freshwater-pearls\/","title":{"rendered":"Perles d&#039;eau douce rondes sans noyau de 8,5 \u00e0 9 mm"},"content":{"rendered":"","protected":false},"excerpt":{"rendered":"<p>Perles d&#039;eau douce naturelles, de forme presque ronde et sans noyau. Imperfections minimes. Disponibles sans trou\u00a0; veuillez pr\u00e9ciser le type de per\u00e7age lors de votre commande. Le diam\u00e8tre du trou est g\u00e9n\u00e9ralement de 0,9\u00a0mm. Les trois couleurs sont naturelles. Le diam\u00e8tre de la perle est d&#039;environ 8,5 \u00e0 9\u00a0mm.<\/p>","protected":false},"featured_media":10660,"comment_status":"open","ping_status":"closed","template":"","meta":[],"product_brand":[],"product_cat":[54],"product_tag":[83,86,88],"class_list":{"0":"post-10665","1":"product","2":"type-product","3":"status-publish","4":"has-post-thumbnail","6":"product_cat-freshwater-pearls-wholesale","7":"product_tag-large-freshwater-pearls-wholesale","8":"product_tag-loose-freshwater-pearls-wholesale","9":"product_tag-no-hole-pearls-bulk","10":"pa_color-champagne-pearls","11":"pa_color-purple-pearls","12":"pa_color-white-pearls","13":"pa_shape-round-pearls","15":"first","16":"instock","17":"taxable","18":"shipping-taxable","19":"purchasable","20":"product-type-variable"},"tiered_pricing_type":"fixed","tiered_pricing_fixed_rules":[],"tiered_pricing_product_settings":{"layout":"default","base_unit_name":{"singular":null,"plural":null},"default_variation":null},"tiered_pricing_minimum_quantity":null,"tiered_pricing_roles_data":[],"tiered_pricing_percentage_rules":[],"tiered_pricing_maximum_quantity":null,"tiered_pricing_quantity_step":null,"_links":{"self":[{"href":"https:\/\/gretapearls.com\/fr\/wp-json\/wp\/v2\/product\/10665","targetHints":{"allow":["GET"]}}],"collection":[{"href":"https:\/\/gretapearls.com\/fr\/wp-json\/wp\/v2\/product"}],"about":[{"href":"https:\/\/gretapearls.com\/fr\/wp-json\/wp\/v2\/types\/product"}],"replies":[{"embeddable":true,"href":"https:\/\/gretapearls.com\/fr\/wp-json\/wp\/v2\/comments?post=10665"}],"wp:featuredmedia":[{"embeddable":true,"href":"https:\/\/gretapearls.com\/fr\/wp-json\/wp\/v2\/media\/10660"}],"wp:attachment":[{"href":"https:\/\/gretapearls.com\/fr\/wp-json\/wp\/v2\/media?parent=10665"}],"wp:term":[{"taxonomy":"product_brand","embeddable":true,"href":"https:\/\/gretapearls.com\/fr\/wp-json\/wp\/v2\/product_brand?post=10665"},{"taxonomy":"product_cat","embeddable":true,"href":"https:\/\/gretapearls.com\/fr\/wp-json\/wp\/v2\/product_cat?post=10665"},{"taxonomy":"product_tag","embeddable":true,"href":"https:\/\/gretapearls.com\/fr\/wp-json\/wp\/v2\/product_tag?post=10665"}],"curies":[{"name":"wp","href":"https:\/\/api.w.org\/{rel}","templated":true}]}}